{"id":12680,"date":"2021-11-23T12:32:53","date_gmt":"2021-11-23T12:32:53","guid":{"rendered":"https:\/\/www.webgains.com\/public\/?page_id=12680"},"modified":"2025-10-06T12:06:52","modified_gmt":"2025-10-06T12:06:52","slug":"webgains-company-details","status":"publish","type":"page","link":"https:\/\/www.webgains.com\/public\/en\/webgains-company-details\/","title":{"rendered":"Webgains Company Details"},"content":{"rendered":"\n<section class=\"wp-block-uagb-section uagb-section__wrap uagb-section__background-undefined uagb-block-47edf75b\"><div class=\"uagb-section__overlay\"><\/div><div class=\"uagb-section__inner-wrap\">\n<div class=\"wp-container-2 wp-block-columns\">\n<div class=\"wp-container-1 wp-block-column\">\n<h3 class=\"has-text-align-center\">Company Details <br>Webgains Limited<\/h3>\n\n\n\n<p class=\"has-text-align-center\">Webgains Ltd<br>The Quorum<br>Bond Street<br>Bristol<br>BS1 3AE<br><br>E-Mail: support@webgains.com<br><br>Part of ad pepper media International N.V.<br>Company Number 05353649<br>VAT number: : GB 854046625<\/p>\n<\/div>\n<\/div>\n<\/div><\/section>\n\n\n\n<section class=\"wp-block-uagb-section uagb-section__wrap uagb-section__background-undefined uagb-block-e12d36ed\"><div class=\"uagb-section__overlay\"><\/div><div class=\"uagb-section__inner-wrap\">\n<div class=\"wp-container-4 wp-block-columns\">\n<div class=\"wp-container-3 wp-block-column\" id=\"de\">\n<h3 class=\"has-text-align-center\" id=\"de\">Impressum<br>Webgains GmbH<\/h3>\n\n\n\n<p class=\"has-text-align-center\">Webgains GmbH<br>Frankenstra\u00dfe 146<br>90461 N\u00fcrnberg<br>Germany<br><br>Tel: +49 (0) 89 248 8300 39<br>Tel: Bestandskunden \/ Publisher: +49 (0)911 929 057 310<br>Fax: Fax: +49 (0)911 929 057-157<br>E-Mail: support@webgains.de<br><br>Sitz der Gesellschaft: N\u00fcrnberg<br>Gesch\u00e4ftsf\u00fchrer: Giacomo Goff<br>Allg.Steuernummer: 241\/116\/05080<br>Ust-IdNr: DE 328967883<br>HRB 37198 Registergericht N\u00fcrnberg<br>Webgains ist ein Unternehmen der ad pepper media International N.V.<\/p>\n<\/div>\n<\/div>\n<\/div><\/section>\n\n\n\n<section class=\"wp-block-uagb-section uagb-section__wrap uagb-section__background-undefined uagb-block-1a277a84\"><div class=\"uagb-section__overlay\"><\/div><div class=\"uagb-section__inner-wrap\">\n<div class=\"wp-container-6 wp-block-columns\">\n<div class=\"wp-container-5 wp-block-column\">\n<h3 class=\"has-text-align-center\">Infos Soci\u00e9t\u00e9<br>Webgains France SARL<\/h3>\n\n\n\n<p class=\"has-text-align-center\">7, Rue de Meyerbeer, 75009 Paris, France<br>Tel : +33 1 78 96 67 80<br>E-Mail : commercial@webgains.fr<br><br>RCS Paris: 428 212 328<br>Siret : 428 212 328 00044<br>N\u00b0 de TVA: FR36428212328<br>Une soci\u00e9t\u00e9 du Groupe ad pepper media International N.V.<\/p>\n<\/div>\n<\/div>\n<\/div><\/section>\n\n\n\n<section class=\"wp-block-uagb-section uagb-section__wrap uagb-section__background-undefined uagb-block-185638cc\"><div class=\"uagb-section__overlay\"><\/div><div class=\"uagb-section__inner-wrap\">\n<div class=\"wp-container-8 wp-block-columns\">\n<div class=\"wp-container-7 wp-block-column\">\n<h3 class=\"has-text-align-center\">Informaci\u00f3n de la empresa<br>Webgains S.L.<\/h3>\n\n\n\n<p class=\"has-text-align-center\">Avenida Alberto Alcocer 46A, 4\u00baA<br>28016<br>Madrid<br>Espana<br><br>Tel: +34 91 417 74 55<br>E-Mail: sales@webgains.es<br><br>NIF: B02892040<br>NIF Intracomunitario: ES B02892040<br>Inscrita en el Registro: Mercantil de Madrid T 41275 , F 84, S 8, H M 731615<br>Una sociedad del Grupo ad pepper media International N.V.<\/p>\n<\/div>\n<\/div>\n<\/div><\/section>\n\n\n\n<section class=\"wp-block-uagb-section uagb-section__wrap uagb-section__background-undefined uagb-block-fe41bf7a\"><div class=\"uagb-section__overlay\"><\/div><div class=\"uagb-section__inner-wrap\">\n<div class=\"wp-container-10 wp-block-columns\">\n<div class=\"wp-container-9 wp-block-column\">\n<h3 class=\"has-text-align-center\">Webgains Italy <br>S.R.L. Societa\u2019 Benefit<\/h3>\n\n\n\n<p class=\"has-text-align-center\">Via Andrea Appiani &nbsp;3<br>20121 Milano<br>Italia<br><br>E-Mail: sales@webgains.it<br><br>VAT 11309630967<br>REA: 2593599<br>Webgains Italy e\u2019 una societa\u2019 &nbsp;del Gruppo ad pepper media International N.V.<\/p>\n<\/div>\n<\/div>\n<\/div><\/section>\n\n\n\n<section class=\"wp-block-uagb-section uagb-section__wrap uagb-section__background-undefined uagb-block-6a873523\"><div class=\"uagb-section__overlay\"><\/div><div class=\"uagb-section__inner-wrap\">\n<div class=\"wp-container-12 wp-block-columns\">\n<div class=\"wp-container-11 wp-block-column\">\n<h3 class=\"has-text-align-center\">Webgains BV<\/h3>\n\n\n\n<p class=\"has-text-align-center\">Postal address: Concertgebouwplein 15 H<br> 1071LL<br>Amsterdam<br>Nederlands<\/p>\n\n\n\n<p class=\"has-text-align-center\">Office address: Keizersgracht 482 <br>1017EG<br>Amsterdam<br>Nederlands<\/p>\n\n\n\n<p class=\"has-text-align-center\">VAT NL863251237B01<br>KVK 84540230<br>Onderdeel van AdPepper Media International N.V.&nbsp;<\/p>\n<\/div>\n<\/div>\n<\/div><\/section>\n","protected":false},"excerpt":{"rendered":"<p> [&#8230;]<\/p>\n<p><a class=\"btn btn-secondary understrap-read-more-link\" href=\"https:\/\/www.webgains.com\/public\/en\/webgains-company-details\/\">Read More&#8230;<\/a><\/p>\n","protected":false},"author":45,"featured_media":0,"parent":0,"menu_order":0,"comment_status":"closed","ping_status":"closed","template":"page-templates\/template-blank-landing-page.php","meta":{"_uag_custom_page_level_css":""},"acf":[],"uagb_featured_image_src":{"full":false,"thumbnail":false,"medium":false,"medium_large":false,"large":false,"xl":false,"xxl":false,"xxxl":false,"xxxxl":false,"xxxxxl":false,"1536x1536":false,"2048x2048":false},"uagb_author_info":{"display_name":"Rob Atkinson","author_link":"https:\/\/www.webgains.com\/public\/author\/ratkinsonwebgains-com\/"},"uagb_comment_info":0,"uagb_excerpt":"[...]Read More...","_links":{"self":[{"href":"https:\/\/www.webgains.com\/public\/wp-json\/wp\/v2\/pages\/12680"}],"collection":[{"href":"https:\/\/www.webgains.com\/public\/wp-json\/wp\/v2\/pages"}],"about":[{"href":"https:\/\/www.webgains.com\/public\/wp-json\/wp\/v2\/types\/page"}],"author":[{"embeddable":true,"href":"https:\/\/www.webgains.com\/public\/wp-json\/wp\/v2\/users\/45"}],"replies":[{"embeddable":true,"href":"https:\/\/www.webgains.com\/public\/wp-json\/wp\/v2\/comments?post=12680"}],"version-history":[{"count":7,"href":"https:\/\/www.webgains.com\/public\/wp-json\/wp\/v2\/pages\/12680\/revisions"}],"predecessor-version":[{"id":52242,"href":"https:\/\/www.webgains.com\/public\/wp-json\/wp\/v2\/pages\/12680\/revisions\/52242"}],"wp:attachment":[{"href":"https:\/\/www.webgains.com\/public\/wp-json\/wp\/v2\/media?parent=12680"}],"curies":[{"name":"wp","href":"https:\/\/api.w.org\/{rel}","templated":true}]}}