{"id":15469,"date":"2022-02-23T14:20:52","date_gmt":"2022-02-23T14:20:52","guid":{"rendered":"https:\/\/www.webgains.com\/public\/?page_id=15469"},"modified":"2026-04-02T11:35:11","modified_gmt":"2026-04-02T11:35:11","slug":"kontakt","status":"publish","type":"page","link":"https:\/\/www.webgains.com\/public\/de\/kontakt\/","title":{"rendered":"kontakt"},"content":{"rendered":"\n<section class=\"wp-block-uagb-section uagb-section__wrap uagb-section__background-color uagb-block-fa060600\"><div class=\"uagb-section__overlay\"><\/div><div class=\"uagb-section__inner-wrap\">\n<p><\/p>\n\n\n\n<h2 class=\"has-text-align-center has-webgainslightorange-color has-text-color\" style=\"font-size:60px;font-style:normal;font-weight:600;letter-spacing:5px\">Du m\u00f6chtest uns kontaktieren?<\/h2>\n\n\n\n<div style=\"height:32px\" aria-hidden=\"true\" class=\"wp-block-spacer\"><\/div>\n\n\n\n<p class=\"has-text-align-center has-webgainswhite-color has-text-color has-medium-font-size\">Einfach Kontaktformular ausf\u00fcllen und wir melden uns in K\u00fcrze bei dir zur\u00fcck!<\/p>\n<\/div><\/section>\n\n\n\n<section class=\"wp-block-uagb-section uagb-section__wrap uagb-section__background-color uagb-block-4e67ed16\"><div class=\"uagb-section__overlay\"><\/div><div class=\"uagb-section__inner-wrap\">\n<div style=\"height:37px\" aria-hidden=\"true\" class=\"wp-block-spacer\"><\/div>\n\n\n\n<h2 class=\"has-text-align-center has-webgainsdeepblueblack-color has-text-color\" style=\"font-size:28px;font-style:normal;font-weight:600;text-transform:uppercase;letter-spacing:5px\">Weitere Kontaktm\u00f6glichkeiten mit Webgains<\/h2>\n\n\n\n<div style=\"height:50px\" aria-hidden=\"true\" class=\"wp-block-spacer\"><\/div>\n\n\n\n<div class=\"wp-container-4 wp-block-columns\">\n<div class=\"wp-container-1 wp-block-column is-vertically-aligned-center\" style=\"flex-basis:200px\">\n<h4 class=\"has-text-align-center has-webgainspink-color has-text-color\" style=\"font-size:16px;font-style:normal;font-weight:600\">Neukunden<\/h4>\n\n\n\n<p class=\"has-text-align-center has-webgainsdeepblueblack-color has-text-color\">+49 (0)89 2488300 3<br><a href=\"mailto:sales@webgains.de\">sales@webgains.de<\/a><\/p>\n<\/div>\n\n\n\n<div class=\"wp-container-2 wp-block-column\" style=\"flex-basis:200px\">\n<h4 class=\"has-text-align-center has-webgainspink-color has-text-color\" style=\"font-size:16px;font-style:normal;font-weight:600\">Bestandskunden<\/h4>\n\n\n\n<p class=\"has-text-align-center has-webgainsdeepblueblack-color has-text-color\">+49 (0)911 929 057 310<br><a href=\"mailto:support@webgains.de\">support@webgains.de<\/a><\/p>\n<\/div>\n\n\n\n<div class=\"wp-container-3 wp-block-column\" style=\"flex-basis:200px\">\n<h4 class=\"has-text-align-center has-webgainspink-color has-text-color\" style=\"font-size:16px;font-style:normal;font-weight:600\">Adresse<\/h4>\n\n\n\n<p class=\"has-text-align-center has-webgainsdeepblueblack-color has-text-color\">Frankenstra\u00dfe 146<br>90461 N\u00fcrnberg<\/p>\n<\/div>\n<\/div>\n<\/div><\/section>\n","protected":false},"excerpt":{"rendered":"<p> [&#8230;]<\/p>\n<p><a class=\"btn btn-secondary understrap-read-more-link\" href=\"https:\/\/www.webgains.com\/public\/de\/kontakt\/\">Read More&#8230;<\/a><\/p>\n","protected":false},"author":45,"featured_media":0,"parent":0,"menu_order":0,"comment_status":"closed","ping_status":"closed","template":"page-templates\/template-blank-landing-page.php","meta":{"_uag_custom_page_level_css":""},"acf":[],"uagb_featured_image_src":{"full":false,"thumbnail":false,"medium":false,"medium_large":false,"large":false,"xl":false,"xxl":false,"xxxl":false,"xxxxl":false,"xxxxxl":false,"1536x1536":false,"2048x2048":false},"uagb_author_info":{"display_name":"Rob Atkinson","author_link":"https:\/\/www.webgains.com\/public\/author\/ratkinsonwebgains-com\/"},"uagb_comment_info":0,"uagb_excerpt":"[...]Read More...","_links":{"self":[{"href":"https:\/\/www.webgains.com\/public\/wp-json\/wp\/v2\/pages\/15469"}],"collection":[{"href":"https:\/\/www.webgains.com\/public\/wp-json\/wp\/v2\/pages"}],"about":[{"href":"https:\/\/www.webgains.com\/public\/wp-json\/wp\/v2\/types\/page"}],"author":[{"embeddable":true,"href":"https:\/\/www.webgains.com\/public\/wp-json\/wp\/v2\/users\/45"}],"replies":[{"embeddable":true,"href":"https:\/\/www.webgains.com\/public\/wp-json\/wp\/v2\/comments?post=15469"}],"version-history":[{"count":57,"href":"https:\/\/www.webgains.com\/public\/wp-json\/wp\/v2\/pages\/15469\/revisions"}],"predecessor-version":[{"id":55263,"href":"https:\/\/www.webgains.com\/public\/wp-json\/wp\/v2\/pages\/15469\/revisions\/55263"}],"wp:attachment":[{"href":"https:\/\/www.webgains.com\/public\/wp-json\/wp\/v2\/media?parent=15469"}],"curies":[{"name":"wp","href":"https:\/\/api.w.org\/{rel}","templated":true}]}}