{"id":15759,"date":"2022-03-24T10:53:32","date_gmt":"2022-03-24T10:53:32","guid":{"rendered":"https:\/\/www.webgains.com\/public\/?page_id=15759"},"modified":"2025-12-09T10:51:27","modified_gmt":"2025-12-09T10:51:27","slug":"quienes-somos","status":"publish","type":"page","link":"https:\/\/www.webgains.com\/public\/es\/quienes-somos\/","title":{"rendered":"Qui\u00e9nes somos"},"content":{"rendered":"\n<p><\/p>\n\n\n\n<section class=\"wp-block-uagb-section uagb-section__wrap uagb-section__background-undefined uagb-block-264d3f8e\"><div class=\"uagb-section__overlay\"><\/div><div class=\"uagb-section__inner-wrap\">\n<div class=\"wp-container-3 wp-block-columns\">\n<div class=\"wp-container-1 wp-block-column\" style=\"flex-basis:50%\">\n<h2 class=\"has-webgainsdeepblueblack-color has-text-color\" style=\"font-style:normal;font-weight:600;text-transform:uppercase;letter-spacing:5px\">Qui\u00e9nes somos<\/h2>\n\n\n\n<div style=\"height:19px\" aria-hidden=\"true\" class=\"wp-block-spacer\"><\/div>\n\n\n\n<p>Webgains es la red de afiliaci\u00f3n <em>Service-First<\/em>, que ofrece un soporte excepcional y experiencia estrat\u00e9gica a m\u00e1s de 1.800 marcas en m\u00faltiples sectores y mercados. Las marcas que utilizan Webgains se benefician del acceso a una amplia red de afiliados e influencers aprobados y verificados.<\/p>\n\n\n\n<p>Con equipos internacionales expertos y un historial probado en el \u00e9xito de afiliaci\u00f3n, Webgains es la red ideal para marcas que buscan hacer crecer su negocio en mercados existentes o nuevos.<\/p>\n\n\n\n<p>En 2023, Webgains se convirti\u00f3 en la primera red de afiliaci\u00f3n certificada <a href=\"https:\/\/www.webgains.com\/public\/es\/bcorp\/\">B Corp<\/a> a nivel mundial. Al consolidar su compromiso con los m\u00e1s altos est\u00e1ndares de rendimiento verificado, responsabilidad y transparencia, Webgains se ha convertido en el hogar natural para el creciente n\u00famero de empresas que operan con prop\u00f3sito.<\/p>\n\n\n\n<p>Webgains forma parte del grupo <em>ad pepper media<\/em> desde 2006.<\/p>\n<\/div>\n\n\n\n<div class=\"wp-container-2 wp-block-column\" style=\"flex-basis:50%\">\n<figure class=\"wp-block-image size-full\"><img width=\"600\" height=\"1000\" src=\"https:\/\/www.webgains.com\/public\/wp-content\/uploads\/2025\/09\/Untitled-design-2025-09-26T144416.861.png\" alt=\"\" class=\"wp-image-51968\" srcset=\"https:\/\/www.webgains.com\/public\/wp-content\/uploads\/2025\/09\/Untitled-design-2025-09-26T144416.861.png 600w, https:\/\/www.webgains.com\/public\/wp-content\/uploads\/2025\/09\/Untitled-design-2025-09-26T144416.861-180x300.png 180w\" sizes=\"(max-width: 600px) 100vw, 600px\" \/><\/figure>\n<\/div>\n<\/div>\n<\/div><\/section>\n\n\n\n<section class=\"wp-block-uagb-section uagb-section__wrap uagb-section__background-color uagb-block-1069d141\"><div class=\"uagb-section__overlay\"><\/div><div class=\"uagb-section__inner-wrap\">\n<div style=\"height:60px\" aria-hidden=\"true\" class=\"wp-block-spacer\"><\/div>\n\n\n\n<h2 class=\"has-text-align-center has-webgainsdeepblueblack-color has-text-color\" style=\"font-style:normal;font-weight:600;text-transform:uppercase;letter-spacing:5px\">Nuestros directivos<\/h2>\n\n\n\n<div style=\"height:45px\" aria-hidden=\"true\" class=\"wp-block-spacer\"><\/div>\n\n\n\n<div class=\"wp-container-8 wp-block-columns\">\n<div class=\"wp-container-4 wp-block-column\" style=\"flex-basis:33%\"><div class=\"wp-block-image is-style-rounded\">\n<figure class=\"aligncenter size-full\"><img width=\"225\" height=\"225\" src=\"https:\/\/www.webgains.com\/public\/wp-content\/uploads\/2025\/09\/Inigo-A-blue.png\" alt=\"\" class=\"wp-image-51934\" srcset=\"https:\/\/www.webgains.com\/public\/wp-content\/uploads\/2025\/09\/Inigo-A-blue.png 225w, https:\/\/www.webgains.com\/public\/wp-content\/uploads\/2025\/09\/Inigo-A-blue-150x150.png 150w\" sizes=\"(max-width: 225px) 100vw, 225px\" \/><\/figure><\/div>\n\n\n<div style=\"height:15px\" aria-hidden=\"true\" class=\"wp-block-spacer\"><\/div>\n\n\n\n<h5 class=\"has-text-align-center\">I\u00f1igo Abrisqueta<\/h5>\n\n\n\n<h6 class=\"has-text-align-center has-webgainslightgrey-color has-text-color\">CEO<\/h6>\n\n\n\n<div style=\"height:25px\" aria-hidden=\"true\" class=\"wp-block-spacer\"><\/div>\n<\/div>\n\n\n\n<div class=\"wp-container-5 wp-block-column\" style=\"flex-basis:33%\"><div class=\"wp-block-image is-style-rounded\">\n<figure class=\"aligncenter size-full\"><img width=\"300\" height=\"300\" src=\"https:\/\/www.webgains.com\/public\/wp-content\/uploads\/2025\/09\/Ami-S-blue-1-1.png\" alt=\"\" class=\"wp-image-51935\" srcset=\"https:\/\/www.webgains.com\/public\/wp-content\/uploads\/2025\/09\/Ami-S-blue-1-1.png 300w, https:\/\/www.webgains.com\/public\/wp-content\/uploads\/2025\/09\/Ami-S-blue-1-1-150x150.png 150w\" sizes=\"(max-width: 300px) 100vw, 300px\" \/><\/figure><\/div>\n\n\n<div style=\"height:15px\" aria-hidden=\"true\" class=\"wp-block-spacer\"><\/div>\n\n\n\n<h5 class=\"has-text-align-center\">Ami Spencer<\/h5>\n\n\n\n<h6 class=\"has-text-align-center has-webgainslightgrey-color has-text-color\">COO<\/h6>\n\n\n\n<div style=\"height:25px\" aria-hidden=\"true\" class=\"wp-block-spacer\"><\/div>\n<\/div>\n\n\n\n<div class=\"wp-container-6 wp-block-column\" style=\"flex-basis:33%\"><div class=\"wp-block-image is-style-rounded\">\n<figure class=\"aligncenter size-full\"><img width=\"225\" height=\"225\" src=\"https:\/\/www.webgains.com\/public\/wp-content\/uploads\/2025\/09\/Sam-R-blue.png\" alt=\"\" class=\"wp-image-51936\" srcset=\"https:\/\/www.webgains.com\/public\/wp-content\/uploads\/2025\/09\/Sam-R-blue.png 225w, https:\/\/www.webgains.com\/public\/wp-content\/uploads\/2025\/09\/Sam-R-blue-150x150.png 150w\" sizes=\"(max-width: 225px) 100vw, 225px\" \/><\/figure><\/div>\n\n\n<div style=\"height:15px\" aria-hidden=\"true\" class=\"wp-block-spacer\"><\/div>\n\n\n\n<h5 class=\"has-text-align-center\">Sam Rodman<\/h5>\n\n\n\n<h6 class=\"has-text-align-center has-webgainslightgrey-color has-text-color\">CTO<\/h6>\n\n\n\n<div style=\"height:25px\" aria-hidden=\"true\" class=\"wp-block-spacer\"><\/div>\n<\/div>\n\n\n\n<div class=\"wp-container-7 wp-block-column\" style=\"flex-basis:33%\"><div class=\"wp-block-image is-style-rounded\">\n<figure class=\"aligncenter size-full\"><img width=\"225\" height=\"225\" src=\"https:\/\/www.webgains.com\/public\/wp-content\/uploads\/2025\/09\/Marien-O-blue.png\" alt=\"\" class=\"wp-image-51938\" srcset=\"https:\/\/www.webgains.com\/public\/wp-content\/uploads\/2025\/09\/Marien-O-blue.png 225w, https:\/\/www.webgains.com\/public\/wp-content\/uploads\/2025\/09\/Marien-O-blue-150x150.png 150w\" sizes=\"(max-width: 225px) 100vw, 225px\" \/><\/figure><\/div>\n\n\n<div style=\"height:15px\" aria-hidden=\"true\" class=\"wp-block-spacer\"><\/div>\n\n\n\n<h5 class=\"has-text-align-center\">Marien Ortiz<\/h5>\n\n\n\n<h6 class=\"has-text-align-center has-webgainslightgrey-color has-text-color\">Managing Director Espa\u00f1a<\/h6>\n<\/div>\n<\/div>\n<\/div><\/section>\n\n\n\n<section class=\"wp-block-uagb-section uagb-section__wrap uagb-section__background-gradient uagb-block-5c985c23\"><div class=\"uagb-section__overlay\"><\/div><div class=\"uagb-section__inner-wrap\">\n<div style=\"height:40px\" aria-hidden=\"true\" class=\"wp-block-spacer\"><\/div>\n\n\n\n<h2 class=\"has-text-align-center has-text-color\" style=\"color:#f9f9f9;font-size:28px;text-transform:uppercase;letter-spacing:5px\">Donde estamos<\/h2>\n\n\n\n<div style=\"height:40px\" aria-hidden=\"true\" class=\"wp-block-spacer\"><\/div>\n\n\n\n<div class=\"wp-container-15 wp-block-columns\">\n<div class=\"wp-container-14 wp-block-column is-vertically-aligned-center\">\n<div class=\"wp-container-13 wp-block-columns\">\n<div class=\"wp-container-9 wp-block-column is-vertically-aligned-top\" style=\"flex-basis:25%\">\n<div class=\"wp-block-uagb-icon-list uagb-icon-list__outer-wrap uagb-icon-list__layout-vertical uagb-block-0ad7b5dc\"><div class=\"uagb-icon-list__wrap\">\n<div class=\"wp-block-uagb-icon-list-child uagb-icon-list-repeater uagb-icon-list__wrapper uagb-block-9eda2c59\"><div class=\"uagb-icon-list__content-wrap\"><span class=\"uagb-icon-list__source-wrap\"><span class=\"uagb-icon-list__source-icon\"><svg xmlns=\"http:\/\/www.w3.org\/2000\/svg\" viewBox=\"0 0 384 512\"><path d=\"M172.268 501.67C26.97 291.031 0 269.413 0 192 0 85.961 85.961 0 192 0s192 85.961 192 192c0 77.413-26.97 99.031-172.268 309.67-9.535 13.774-29.93 13.773-39.464 0zM192 272c44.183 0 80-35.817 80-80s-35.817-80-80-80-80 35.817-80 80 35.817 80 80 80z\"><\/path><\/svg><\/span><\/span><\/div><\/div>\n<\/div><\/div>\n\n\n\n<div style=\"height:10px\" aria-hidden=\"true\" class=\"wp-block-spacer\"><\/div>\n\n\n\n<h6 class=\"has-text-align-center has-text-color\" style=\"color:#f9f9f9\">Manchester<\/h6>\n\n\n\n<div style=\"height:40px\" aria-hidden=\"true\" class=\"wp-block-spacer\"><\/div>\n\n\n\n<div class=\"wp-block-uagb-icon-list uagb-icon-list__outer-wrap uagb-icon-list__layout-vertical uagb-block-71fc0f9b\"><div class=\"uagb-icon-list__wrap\">\n<div class=\"wp-block-uagb-icon-list-child uagb-icon-list-repeater uagb-icon-list__wrapper uagb-block-3d6c2e8a\"><div class=\"uagb-icon-list__content-wrap\"><span class=\"uagb-icon-list__source-wrap\"><span class=\"uagb-icon-list__source-icon\"><svg xmlns=\"http:\/\/www.w3.org\/2000\/svg\" viewBox=\"0 0 384 512\"><path d=\"M172.268 501.67C26.97 291.031 0 269.413 0 192 0 85.961 85.961 0 192 0s192 85.961 192 192c0 77.413-26.97 99.031-172.268 309.67-9.535 13.774-29.93 13.773-39.464 0zM192 272c44.183 0 80-35.817 80-80s-35.817-80-80-80-80 35.817-80 80 35.817 80 80 80z\"><\/path><\/svg><\/span><\/span><\/div><\/div>\n<\/div><\/div>\n\n\n\n<div style=\"height:10px\" aria-hidden=\"true\" class=\"wp-block-spacer\"><\/div>\n\n\n\n<h6 class=\"has-text-align-center has-text-color\" style=\"color:#f9f9f9\">N\u00faremberg<\/h6>\n<\/div>\n\n\n\n<div class=\"wp-container-10 wp-block-column\" style=\"flex-basis:25%\">\n<div class=\"wp-block-uagb-icon-list uagb-icon-list__outer-wrap uagb-icon-list__layout-vertical uagb-block-ec2a48da\"><div class=\"uagb-icon-list__wrap\">\n<div class=\"wp-block-uagb-icon-list-child uagb-icon-list-repeater uagb-icon-list__wrapper uagb-block-d6f52524\"><div class=\"uagb-icon-list__content-wrap\"><span class=\"uagb-icon-list__source-wrap\"><span class=\"uagb-icon-list__source-icon\"><svg xmlns=\"http:\/\/www.w3.org\/2000\/svg\" viewBox=\"0 0 384 512\"><path d=\"M172.268 501.67C26.97 291.031 0 269.413 0 192 0 85.961 85.961 0 192 0s192 85.961 192 192c0 77.413-26.97 99.031-172.268 309.67-9.535 13.774-29.93 13.773-39.464 0zM192 272c44.183 0 80-35.817 80-80s-35.817-80-80-80-80 35.817-80 80 35.817 80 80 80z\"><\/path><\/svg><\/span><\/span><\/div><\/div>\n<\/div><\/div>\n\n\n\n<div style=\"height:10px\" aria-hidden=\"true\" class=\"wp-block-spacer\"><\/div>\n\n\n\n<h6 class=\"has-text-align-center has-text-color\" style=\"color:#f9f9f9\">Londres<\/h6>\n\n\n\n<div style=\"height:40px\" aria-hidden=\"true\" class=\"wp-block-spacer\"><\/div>\n\n\n\n<div class=\"wp-block-uagb-icon-list uagb-icon-list__outer-wrap uagb-icon-list__layout-vertical uagb-block-520d6dab\"><div class=\"uagb-icon-list__wrap\">\n<div class=\"wp-block-uagb-icon-list-child uagb-icon-list-repeater uagb-icon-list__wrapper uagb-block-620b05ae\"><div class=\"uagb-icon-list__content-wrap\"><span class=\"uagb-icon-list__source-wrap\"><span class=\"uagb-icon-list__source-icon\"><svg xmlns=\"http:\/\/www.w3.org\/2000\/svg\" viewBox=\"0 0 384 512\"><path d=\"M172.268 501.67C26.97 291.031 0 269.413 0 192 0 85.961 85.961 0 192 0s192 85.961 192 192c0 77.413-26.97 99.031-172.268 309.67-9.535 13.774-29.93 13.773-39.464 0zM192 272c44.183 0 80-35.817 80-80s-35.817-80-80-80-80 35.817-80 80 35.817 80 80 80z\"><\/path><\/svg><\/span><\/span><\/div><\/div>\n<\/div><\/div>\n\n\n\n<div style=\"height:10px\" aria-hidden=\"true\" class=\"wp-block-spacer\"><\/div>\n\n\n\n<h6 class=\"has-text-align-center has-text-color\" style=\"color:#f9f9f9\">Mil\u00e1n<\/h6>\n<\/div>\n\n\n\n<div class=\"wp-container-11 wp-block-column\" style=\"flex-basis:25%\">\n<div class=\"wp-block-uagb-icon-list uagb-icon-list__outer-wrap uagb-icon-list__layout-vertical uagb-block-a2fd70d7\"><div class=\"uagb-icon-list__wrap\">\n<div class=\"wp-block-uagb-icon-list-child uagb-icon-list-repeater uagb-icon-list__wrapper uagb-block-10b24a47\"><div class=\"uagb-icon-list__content-wrap\"><span class=\"uagb-icon-list__source-wrap\"><span class=\"uagb-icon-list__source-icon\"><svg xmlns=\"http:\/\/www.w3.org\/2000\/svg\" viewBox=\"0 0 384 512\"><path d=\"M172.268 501.67C26.97 291.031 0 269.413 0 192 0 85.961 85.961 0 192 0s192 85.961 192 192c0 77.413-26.97 99.031-172.268 309.67-9.535 13.774-29.93 13.773-39.464 0zM192 272c44.183 0 80-35.817 80-80s-35.817-80-80-80-80 35.817-80 80 35.817 80 80 80z\"><\/path><\/svg><\/span><\/span><\/div><\/div>\n<\/div><\/div>\n\n\n\n<div style=\"height:10px\" aria-hidden=\"true\" class=\"wp-block-spacer\"><\/div>\n\n\n\n<h6 class=\"has-text-align-center has-text-color\" style=\"color:#f9f9f9\">Bristol<\/h6>\n\n\n\n<div style=\"height:40px\" aria-hidden=\"true\" class=\"wp-block-spacer\"><\/div>\n\n\n\n<div class=\"wp-block-uagb-icon-list uagb-icon-list__outer-wrap uagb-icon-list__layout-vertical uagb-block-fc4c49cd\"><div class=\"uagb-icon-list__wrap\">\n<div class=\"wp-block-uagb-icon-list-child uagb-icon-list-repeater uagb-icon-list__wrapper uagb-block-74498fb8\"><div class=\"uagb-icon-list__content-wrap\"><span class=\"uagb-icon-list__source-wrap\"><span class=\"uagb-icon-list__source-icon\"><svg xmlns=\"http:\/\/www.w3.org\/2000\/svg\" viewBox=\"0 0 384 512\"><path d=\"M172.268 501.67C26.97 291.031 0 269.413 0 192 0 85.961 85.961 0 192 0s192 85.961 192 192c0 77.413-26.97 99.031-172.268 309.67-9.535 13.774-29.93 13.773-39.464 0zM192 272c44.183 0 80-35.817 80-80s-35.817-80-80-80-80 35.817-80 80 35.817 80 80 80z\"><\/path><\/svg><\/span><\/span><\/div><\/div>\n<\/div><\/div>\n\n\n\n<div style=\"height:10px\" aria-hidden=\"true\" class=\"wp-block-spacer\"><\/div>\n\n\n\n<h6 class=\"has-text-align-center has-text-color\" style=\"color:#f9f9f9\">Par\u00eds<\/h6>\n<\/div>\n\n\n\n<div class=\"wp-container-12 wp-block-column\" style=\"flex-basis:25%\">\n<div class=\"wp-block-uagb-icon-list uagb-icon-list__outer-wrap uagb-icon-list__layout-vertical uagb-block-298c48c9\"><div class=\"uagb-icon-list__wrap\">\n<div class=\"wp-block-uagb-icon-list-child uagb-icon-list-repeater uagb-icon-list__wrapper uagb-block-fb4f6802\"><div class=\"uagb-icon-list__content-wrap\"><span class=\"uagb-icon-list__source-wrap\"><span class=\"uagb-icon-list__source-icon\"><svg xmlns=\"http:\/\/www.w3.org\/2000\/svg\" viewBox=\"0 0 384 512\"><path d=\"M172.268 501.67C26.97 291.031 0 269.413 0 192 0 85.961 85.961 0 192 0s192 85.961 192 192c0 77.413-26.97 99.031-172.268 309.67-9.535 13.774-29.93 13.773-39.464 0zM192 272c44.183 0 80-35.817 80-80s-35.817-80-80-80-80 35.817-80 80 35.817 80 80 80z\"><\/path><\/svg><\/span><\/span><\/div><\/div>\n<\/div><\/div>\n\n\n\n<div style=\"height:10px\" aria-hidden=\"true\" class=\"wp-block-spacer\"><\/div>\n\n\n\n<h6 class=\"has-text-align-center has-text-color\" style=\"color:#f9f9f9\">\u00c1msterdam<\/h6>\n\n\n\n<div style=\"height:40px\" aria-hidden=\"true\" class=\"wp-block-spacer\"><\/div>\n\n\n\n<div class=\"wp-block-uagb-icon-list uagb-icon-list__outer-wrap uagb-icon-list__layout-vertical uagb-block-f67d95a8\"><div class=\"uagb-icon-list__wrap\">\n<div class=\"wp-block-uagb-icon-list-child uagb-icon-list-repeater uagb-icon-list__wrapper uagb-block-98c8b1de\"><div class=\"uagb-icon-list__content-wrap\"><span class=\"uagb-icon-list__source-wrap\"><span class=\"uagb-icon-list__source-icon\"><svg xmlns=\"http:\/\/www.w3.org\/2000\/svg\" viewBox=\"0 0 384 512\"><path d=\"M172.268 501.67C26.97 291.031 0 269.413 0 192 0 85.961 85.961 0 192 0s192 85.961 192 192c0 77.413-26.97 99.031-172.268 309.67-9.535 13.774-29.93 13.773-39.464 0zM192 272c44.183 0 80-35.817 80-80s-35.817-80-80-80-80 35.817-80 80 35.817 80 80 80z\"><\/path><\/svg><\/span><\/span><\/div><\/div>\n<\/div><\/div>\n\n\n\n<div style=\"height:10px\" aria-hidden=\"true\" class=\"wp-block-spacer\"><\/div>\n\n\n\n<h6 class=\"has-text-align-center has-text-color\" style=\"color:#f9f9f9\">Madrid<\/h6>\n<\/div>\n<\/div>\n<\/div>\n<\/div>\n\n\n\n<p><\/p>\n<\/div><\/section>\n\n\n\n<section class=\"wp-block-uagb-section uagb-section__wrap uagb-section__background-undefined uagb-block-e77f2c42\"><div class=\"uagb-section__overlay\"><\/div><div class=\"uagb-section__inner-wrap\">\n<div class=\"wp-container-19 wp-block-columns\">\n<div class=\"wp-container-16 wp-block-column\">\n<figure class=\"wp-block-image size-large is-style-default\"><img width=\"1024\" height=\"684\" src=\"https:\/\/www.webgains.com\/public\/wp-content\/uploads\/2021\/06\/April-16-2019-Webgains-head-shots-Bristol-Office-29-1024x684.jpg\" alt=\"\" class=\"wp-image-8777\" srcset=\"https:\/\/www.webgains.com\/public\/wp-content\/uploads\/2021\/06\/April-16-2019-Webgains-head-shots-Bristol-Office-29-1024x684.jpg 1024w, https:\/\/www.webgains.com\/public\/wp-content\/uploads\/2021\/06\/April-16-2019-Webgains-head-shots-Bristol-Office-29-300x200.jpg 300w, https:\/\/www.webgains.com\/public\/wp-content\/uploads\/2021\/06\/April-16-2019-Webgains-head-shots-Bristol-Office-29-768x513.jpg 768w, https:\/\/www.webgains.com\/public\/wp-content\/uploads\/2021\/06\/April-16-2019-Webgains-head-shots-Bristol-Office-29-1536x1025.jpg 1536w, https:\/\/www.webgains.com\/public\/wp-content\/uploads\/2021\/06\/April-16-2019-Webgains-head-shots-Bristol-Office-29-2048x1367.jpg 2048w\" sizes=\"(max-width: 1024px) 100vw, 1024px\" \/><\/figure>\n<\/div>\n\n\n\n<div class=\"wp-container-18 wp-block-column\">\n<h2 class=\"has-webgainspink-color has-text-color\" style=\"font-size:28px;font-style:normal;font-weight:600;text-transform:uppercase;letter-spacing:5px\">Estamos contratando<\/h2>\n\n\n\n<p>Somos conscientes de que son las personas que componen nuestra empresa quienes escriben nuestras historias de \u00e9xito y las que defienden nuestros valores. Nuestra pasi\u00f3n est\u00e1 en cultivar un entorno laboral que haga que nuestros equipos se sientan cuidados y que premie \u00e9xitos, sin importar su tama\u00f1o. Creemos en el valor de las ganancias graduales, lo cual significa que, a la larga, cada paso vale en el camino hacia una meta mayor.<\/p>\n\n\n\n<div class=\"wp-container-17 wp-block-buttons\">\n<div class=\"wp-block-button\"><a class=\"wp-block-button__link has-background\" href=\"https:\/\/jobapplication.hrworks.de\/en?companyId=gb07d59&amp;amp%3Blang=en\" style=\"border-radius:4px;background:linear-gradient(135deg,rgb(226,33,52) 0%,rgb(230,27,123) 100%)\" target=\"_blank\" rel=\"noreferrer noopener\">Estamos contratando<\/a><\/div>\n<\/div>\n<\/div>\n<\/div>\n<\/div><\/section>\n\n\n\n<p><\/p>\n","protected":false},"excerpt":{"rendered":"<p> [&#8230;]<\/p>\n<p><a class=\"btn btn-secondary understrap-read-more-link\" href=\"https:\/\/www.webgains.com\/public\/es\/quienes-somos\/\">Read More&#8230;<\/a><\/p>\n","protected":false},"author":54,"featured_media":0,"parent":0,"menu_order":0,"comment_status":"closed","ping_status":"closed","template":"page-templates\/template-blank-landing-page.php","meta":{"_uag_custom_page_level_css":""},"acf":[],"uagb_featured_image_src":{"full":false,"thumbnail":false,"medium":false,"medium_large":false,"large":false,"xl":false,"xxl":false,"xxxl":false,"xxxxl":false,"xxxxxl":false,"1536x1536":false,"2048x2048":false},"uagb_author_info":{"display_name":"Friederike Stadler","author_link":"https:\/\/www.webgains.com\/public\/author\/fkaelblewebgains-com\/"},"uagb_comment_info":0,"uagb_excerpt":"[...]Read More...","_links":{"self":[{"href":"https:\/\/www.webgains.com\/public\/wp-json\/wp\/v2\/pages\/15759"}],"collection":[{"href":"https:\/\/www.webgains.com\/public\/wp-json\/wp\/v2\/pages"}],"about":[{"href":"https:\/\/www.webgains.com\/public\/wp-json\/wp\/v2\/types\/page"}],"author":[{"embeddable":true,"href":"https:\/\/www.webgains.com\/public\/wp-json\/wp\/v2\/users\/54"}],"replies":[{"embeddable":true,"href":"https:\/\/www.webgains.com\/public\/wp-json\/wp\/v2\/comments?post=15759"}],"version-history":[{"count":15,"href":"https:\/\/www.webgains.com\/public\/wp-json\/wp\/v2\/pages\/15759\/revisions"}],"predecessor-version":[{"id":53859,"href":"https:\/\/www.webgains.com\/public\/wp-json\/wp\/v2\/pages\/15759\/revisions\/53859"}],"wp:attachment":[{"href":"https:\/\/www.webgains.com\/public\/wp-json\/wp\/v2\/media?parent=15759"}],"curies":[{"name":"wp","href":"https:\/\/api.w.org\/{rel}","templated":true}]}}