{"id":16072,"date":"2022-03-24T12:04:12","date_gmt":"2022-03-24T12:04:12","guid":{"rendered":"https:\/\/www.webgains.com\/public\/?page_id=16072"},"modified":"2026-03-19T09:23:10","modified_gmt":"2026-03-19T09:23:10","slug":"a-propos","status":"publish","type":"page","link":"https:\/\/www.webgains.com\/public\/fr\/a-propos\/","title":{"rendered":"\u00c0 propos"},"content":{"rendered":"\n<section class=\"wp-block-uagb-section uagb-section__wrap uagb-section__background-undefined uagb-block-1e6ab543\"><div class=\"uagb-section__overlay\"><\/div><div class=\"uagb-section__inner-wrap\">\n<div class=\"wp-container-3 wp-block-columns\">\n<div class=\"wp-container-1 wp-block-column\" style=\"flex-basis:60%\">\n<h2 class=\"has-webgainsdeepblueblack-color has-text-color\" style=\"font-size:28px;font-style:normal;font-weight:600;text-transform:uppercase;letter-spacing:5px\">\u00c0 propos<\/h2>\n\n\n\n<div style=\"height:10px\" aria-hidden=\"true\" class=\"wp-block-spacer\"><\/div>\n\n\n\n<p>Webgains est le r\u00e9seau d&#8217;affiliation <strong>Service-First<\/strong>, offrant un accompagnement optimal et une expertise strat\u00e9gique \u00e0 plus de 1800 marques e-commerce dans de multiples verticales et march\u00e9s. Les marques qui choisissent Webgains b\u00e9n\u00e9ficient d&#8217;un acc\u00e8s \u00e0 un vaste r\u00e9seau d&#8217;\u00e9diteurs et d&#8217;influenceurs partenaires, contr\u00f4l\u00e9s et approuv\u00e9s.<\/p>\n\n\n\n<p>En 2023, Webgains est devenu le premier r\u00e9seau d&#8217;affiliation au monde certifi\u00e9 <a href=\"https:\/\/www.webgains.com\/public\/fr\/bcorp\/\">B Corp<\/a>. Renfor\u00e7ant son engagement envers les normes les plus \u00e9lev\u00e9es de performance v\u00e9rifi\u00e9e, de responsabilit\u00e9 et de transparence, Webgains a \u00e9t\u00e9 le point d&#8217;ancrage naturel d&#8217;un nombre croissant d&#8217;entreprises e-commerce qui op\u00e8rent avec d\u00e9termination.<\/p>\n\n\n\n<p>Webgains fait partie du groupe ad pepper media depuis 2006.<\/p>\n<\/div>\n\n\n\n<div class=\"wp-container-2 wp-block-column uag-hide-mob uag-hide-mob\" style=\"flex-basis:45%\">\n<figure class=\"wp-block-image size-full\"><img width=\"600\" height=\"1000\" src=\"https:\/\/www.webgains.com\/public\/wp-content\/uploads\/2025\/09\/Untitled-design-2025-09-26T144416.861.png\" alt=\"\" class=\"wp-image-51968\" srcset=\"https:\/\/www.webgains.com\/public\/wp-content\/uploads\/2025\/09\/Untitled-design-2025-09-26T144416.861.png 600w, https:\/\/www.webgains.com\/public\/wp-content\/uploads\/2025\/09\/Untitled-design-2025-09-26T144416.861-180x300.png 180w\" sizes=\"(max-width: 600px) 100vw, 600px\" \/><\/figure>\n<\/div>\n<\/div>\n<\/div><\/section>\n\n\n\n<section class=\"wp-block-uagb-section uagb-section__wrap uagb-section__background-color uagb-block-09502c01 uag-hide-desktop uag-hide-tab uag-hide-mob uag-hide-desktop uag-hide-tab uag-hide-mob\"><div class=\"uagb-section__overlay\"><\/div><div class=\"uagb-section__inner-wrap\">\n<div class=\"wp-container-7 wp-block-columns\">\n<div class=\"wp-container-4 wp-block-column\" style=\"flex-basis:75%\">\n<div style=\"height:8px\" aria-hidden=\"true\" class=\"wp-block-spacer\"><\/div>\n\n\n\n<h4 class=\"has-text-align-center has-webgainswhite-color has-text-color\">Vous avez une question pour nous&nbsp;?<\/h4>\n\n\n\n<div style=\"height:20px\" aria-hidden=\"true\" class=\"wp-block-spacer\"><\/div>\n<\/div>\n\n\n\n<div class=\"wp-container-6 wp-block-column\" style=\"flex-basis:45%\">\n<div class=\"wp-container-5 is-horizontal is-content-justification-center wp-block-buttons\">\n<div class=\"wp-block-button has-custom-width wp-block-button__width-100\"><a class=\"wp-block-button__link has-background\" href=\"https:\/\/www.webgains.com\/public\/fr\/contact\/\" style=\"border-radius:4px;background:linear-gradient(135deg,rgb(226,33,52) 0%,rgb(230,27,123) 100%)\">Contactez-nous<\/a><\/div>\n<\/div>\n<\/div>\n<\/div>\n\n\n\n<p><\/p>\n<\/div><\/section>\n\n\n\n<section class=\"wp-block-uagb-section uagb-section__wrap uagb-section__background-color uagb-block-97142acf\"><div class=\"uagb-section__overlay\"><\/div><div class=\"uagb-section__inner-wrap\">\n<div style=\"height:60px\" aria-hidden=\"true\" class=\"wp-block-spacer\"><\/div>\n\n\n\n<h2 class=\"has-text-align-center has-webgainsdeepblueblack-color has-text-color\" style=\"font-style:normal;font-weight:600;text-transform:uppercase;letter-spacing:5px\">L&#8217;equipe dirigeante de Webgains France<\/h2>\n\n\n\n<div style=\"height:25px\" aria-hidden=\"true\" class=\"wp-block-spacer\"><\/div>\n\n\n\n<div style=\"height:41px\" aria-hidden=\"true\" class=\"wp-block-spacer\"><\/div>\n\n\n\n<div class=\"wp-container-12 wp-block-columns\">\n<div class=\"wp-container-8 wp-block-column is-vertically-aligned-bottom\" style=\"flex-basis:33.33%\"><div class=\"wp-block-image is-style-rounded\">\n<figure class=\"aligncenter size-full\"><img width=\"225\" height=\"225\" src=\"https:\/\/www.webgains.com\/public\/wp-content\/uploads\/2025\/09\/Inigo-A-yellow-1.png\" alt=\"\" class=\"wp-image-51943\" srcset=\"https:\/\/www.webgains.com\/public\/wp-content\/uploads\/2025\/09\/Inigo-A-yellow-1.png 225w, https:\/\/www.webgains.com\/public\/wp-content\/uploads\/2025\/09\/Inigo-A-yellow-1-150x150.png 150w\" sizes=\"(max-width: 225px) 100vw, 225px\" \/><\/figure><\/div>\n\n\n<div style=\"height:15px\" aria-hidden=\"true\" class=\"wp-block-spacer\"><\/div>\n\n\n\n<h5 class=\"has-text-align-center\">I\u00f1igo <br>Abrisqueta<\/h5>\n\n\n\n<h6 class=\"has-text-align-center has-webgainslightgrey-color has-text-color\">CEO<\/h6>\n\n\n\n<div style=\"height:10px\" aria-hidden=\"true\" class=\"wp-block-spacer\"><\/div>\n\n\n\n<div style=\"height:25px\" aria-hidden=\"true\" class=\"wp-block-spacer\"><\/div>\n<\/div>\n\n\n\n<div class=\"wp-container-9 wp-block-column is-vertically-aligned-bottom\" style=\"flex-basis:33.33%\"><div class=\"wp-block-image is-style-rounded\">\n<figure class=\"aligncenter size-full\"><img width=\"300\" height=\"300\" src=\"https:\/\/www.webgains.com\/public\/wp-content\/uploads\/2025\/09\/Ami-S-yellow-2.png\" alt=\"\" class=\"wp-image-51944\" srcset=\"https:\/\/www.webgains.com\/public\/wp-content\/uploads\/2025\/09\/Ami-S-yellow-2.png 300w, https:\/\/www.webgains.com\/public\/wp-content\/uploads\/2025\/09\/Ami-S-yellow-2-150x150.png 150w\" sizes=\"(max-width: 300px) 100vw, 300px\" \/><\/figure><\/div>\n\n\n<div style=\"height:15px\" aria-hidden=\"true\" class=\"wp-block-spacer\"><\/div>\n\n\n\n<h5 class=\"has-text-align-center\">Ami <br>Spencer<\/h5>\n\n\n\n<h6 class=\"has-text-align-center has-webgainslightgrey-color has-text-color\">COO<\/h6>\n\n\n\n<div style=\"height:10px\" aria-hidden=\"true\" class=\"wp-block-spacer\"><\/div>\n\n\n\n<div style=\"height:25px\" aria-hidden=\"true\" class=\"wp-block-spacer\"><\/div>\n<\/div>\n\n\n\n<div class=\"wp-container-10 wp-block-column is-vertically-aligned-bottom\" style=\"flex-basis:33.33%\"><div class=\"wp-block-image is-style-rounded\">\n<figure class=\"aligncenter size-full\"><img width=\"225\" height=\"225\" src=\"https:\/\/www.webgains.com\/public\/wp-content\/uploads\/2025\/09\/Sam-R-yellow.png\" alt=\"\" class=\"wp-image-51945\" srcset=\"https:\/\/www.webgains.com\/public\/wp-content\/uploads\/2025\/09\/Sam-R-yellow.png 225w, https:\/\/www.webgains.com\/public\/wp-content\/uploads\/2025\/09\/Sam-R-yellow-150x150.png 150w\" sizes=\"(max-width: 225px) 100vw, 225px\" \/><\/figure><\/div>\n\n\n<div style=\"height:15px\" aria-hidden=\"true\" class=\"wp-block-spacer\"><\/div>\n\n\n\n<h5 class=\"has-text-align-center\">Sam <br>Rodman<\/h5>\n\n\n\n<h6 class=\"has-text-align-center has-webgainslightgrey-color has-text-color\">CTO<\/h6>\n\n\n\n<div style=\"height:10px\" aria-hidden=\"true\" class=\"wp-block-spacer\"><\/div>\n\n\n\n<div style=\"height:25px\" aria-hidden=\"true\" class=\"wp-block-spacer\"><\/div>\n<\/div>\n\n\n\n<div class=\"wp-container-11 wp-block-column is-vertically-aligned-bottom\" style=\"flex-basis:33.33%\"><div class=\"wp-block-image is-style-rounded\">\n<figure class=\"aligncenter size-full\"><img width=\"225\" height=\"225\" src=\"https:\/\/www.webgains.com\/public\/wp-content\/uploads\/2025\/12\/Vittorio-L-yellow.png\" alt=\"\" class=\"wp-image-53850\" srcset=\"https:\/\/www.webgains.com\/public\/wp-content\/uploads\/2025\/12\/Vittorio-L-yellow.png 225w, https:\/\/www.webgains.com\/public\/wp-content\/uploads\/2025\/12\/Vittorio-L-yellow-150x150.png 150w\" sizes=\"(max-width: 225px) 100vw, 225px\" \/><\/figure><\/div>\n\n\n<div style=\"height:15px\" aria-hidden=\"true\" class=\"wp-block-spacer\"><\/div>\n\n\n\n<h5 class=\"has-text-align-center\">Vittorio<br>Lorenzoni<\/h5>\n\n\n\n<h6 class=\"has-text-align-center has-webgainslightgrey-color has-text-color\">MD France &amp; Italy<\/h6>\n\n\n\n<div style=\"height:10px\" aria-hidden=\"true\" class=\"wp-block-spacer\"><\/div>\n\n\n\n<div style=\"height:25px\" aria-hidden=\"true\" class=\"wp-block-spacer\"><\/div>\n<\/div>\n<\/div>\n<\/div><\/section>\n\n\n\n<section class=\"wp-block-uagb-section uagb-section__wrap uagb-section__background-gradient uagb-block-bb421536\"><div class=\"uagb-section__overlay\"><\/div><div class=\"uagb-section__inner-wrap\">\n<div style=\"height:40px\" aria-hidden=\"true\" class=\"wp-block-spacer\"><\/div>\n\n\n\n<h2 class=\"has-text-align-center has-text-color\" style=\"color:#f9f9f9;font-size:28px;font-style:normal;font-weight:600;text-transform:uppercase;letter-spacing:5px\">Nos coordonn\u00e9es<\/h2>\n\n\n\n<div style=\"height:17px\" aria-hidden=\"true\" class=\"wp-block-spacer\"><\/div>\n\n\n\n<p class=\"has-text-align-center has-text-color\" style=\"color:#f9f9f9\">Nous avons des \u00e9quipes dans les endroits suivants:<\/p>\n\n\n\n<div class=\"wp-container-19 wp-block-columns\">\n<div class=\"wp-container-18 wp-block-column is-vertically-aligned-center\">\n<div class=\"wp-container-17 wp-block-columns\">\n<div class=\"wp-container-13 wp-block-column is-vertically-aligned-top\" style=\"flex-basis:25%\">\n<div class=\"wp-block-uagb-icon-list uagb-block-e794d186 uagb-icon-list__outer-wrap uagb-icon-list__layout-vertical\"><div class=\"uagb-icon-list__wrap\">\n<div class=\"wp-block-uagb-icon-list-child uagb-block-bc678a43 uagb-icon-list-repeater uagb-icon-list__wrapper\"><span class=\"uagb-icon-list__source-wrap\"><svg xmlns=\"https:\/\/www.w3.org\/2000\/svg\" viewBox=\"0 0 384 512\"><path d=\"M168.3 499.2C116.1 435 0 279.4 0 192C0 85.96 85.96 0 192 0C298 0 384 85.96 384 192C384 279.4 267 435 215.7 499.2C203.4 514.5 180.6 514.5 168.3 499.2H168.3zM192 256C227.3 256 256 227.3 256 192C256 156.7 227.3 128 192 128C156.7 128 128 156.7 128 192C128 227.3 156.7 256 192 256z\"><\/path><\/svg><\/span><\/div>\n<\/div><\/div>\n\n\n\n<div style=\"height:10px\" aria-hidden=\"true\" class=\"wp-block-spacer\"><\/div>\n\n\n\n<h6 class=\"has-text-align-center has-text-color\" style=\"color:#f9f9f9\">Nuremberg<\/h6>\n\n\n\n<div style=\"height:40px\" aria-hidden=\"true\" class=\"wp-block-spacer\"><\/div>\n\n\n\n<div class=\"wp-block-uagb-icon-list uagb-block-8246ede1 uagb-icon-list__outer-wrap uagb-icon-list__layout-vertical\"><div class=\"uagb-icon-list__wrap\">\n<div class=\"wp-block-uagb-icon-list-child uagb-block-0ddbd6c5 uagb-icon-list-repeater uagb-icon-list__wrapper\"><span class=\"uagb-icon-list__source-wrap\"><svg xmlns=\"https:\/\/www.w3.org\/2000\/svg\" viewBox=\"0 0 384 512\"><path d=\"M168.3 499.2C116.1 435 0 279.4 0 192C0 85.96 85.96 0 192 0C298 0 384 85.96 384 192C384 279.4 267 435 215.7 499.2C203.4 514.5 180.6 514.5 168.3 499.2H168.3zM192 256C227.3 256 256 227.3 256 192C256 156.7 227.3 128 192 128C156.7 128 128 156.7 128 192C128 227.3 156.7 256 192 256z\"><\/path><\/svg><\/span><\/div>\n<\/div><\/div>\n\n\n\n<div style=\"height:10px\" aria-hidden=\"true\" class=\"wp-block-spacer\"><\/div>\n\n\n\n<h6 class=\"has-text-align-center has-text-color\" style=\"color:#f9f9f9\">Amsterdam<\/h6>\n\n\n\n<div style=\"height:40px\" aria-hidden=\"true\" class=\"wp-block-spacer\"><\/div>\n<\/div>\n\n\n\n<div class=\"wp-container-14 wp-block-column\" style=\"flex-basis:25%\">\n<div class=\"wp-block-uagb-icon-list uagb-block-b178b254 uagb-icon-list__outer-wrap uagb-icon-list__layout-vertical\"><div class=\"uagb-icon-list__wrap\">\n<div class=\"wp-block-uagb-icon-list-child uagb-block-f5202919 uagb-icon-list-repeater uagb-icon-list__wrapper\"><span class=\"uagb-icon-list__source-wrap\"><svg xmlns=\"https:\/\/www.w3.org\/2000\/svg\" viewBox=\"0 0 384 512\"><path d=\"M168.3 499.2C116.1 435 0 279.4 0 192C0 85.96 85.96 0 192 0C298 0 384 85.96 384 192C384 279.4 267 435 215.7 499.2C203.4 514.5 180.6 514.5 168.3 499.2H168.3zM192 256C227.3 256 256 227.3 256 192C256 156.7 227.3 128 192 128C156.7 128 128 156.7 128 192C128 227.3 156.7 256 192 256z\"><\/path><\/svg><\/span><\/div>\n<\/div><\/div>\n\n\n\n<div style=\"height:10px\" aria-hidden=\"true\" class=\"wp-block-spacer\"><\/div>\n\n\n\n<h6 class=\"has-text-align-center has-text-color\" style=\"color:#f9f9f9\">Bristol<\/h6>\n\n\n\n<div style=\"height:40px\" aria-hidden=\"true\" class=\"wp-block-spacer\"><\/div>\n\n\n\n<div class=\"wp-block-uagb-icon-list uagb-block-3b70f351 uagb-icon-list__outer-wrap uagb-icon-list__layout-vertical\"><div class=\"uagb-icon-list__wrap\">\n<div class=\"wp-block-uagb-icon-list-child uagb-block-8f1ecafe uagb-icon-list-repeater uagb-icon-list__wrapper\"><span class=\"uagb-icon-list__source-wrap\"><svg xmlns=\"https:\/\/www.w3.org\/2000\/svg\" viewBox=\"0 0 384 512\"><path d=\"M168.3 499.2C116.1 435 0 279.4 0 192C0 85.96 85.96 0 192 0C298 0 384 85.96 384 192C384 279.4 267 435 215.7 499.2C203.4 514.5 180.6 514.5 168.3 499.2H168.3zM192 256C227.3 256 256 227.3 256 192C256 156.7 227.3 128 192 128C156.7 128 128 156.7 128 192C128 227.3 156.7 256 192 256z\"><\/path><\/svg><\/span><\/div>\n<\/div><\/div>\n\n\n\n<div style=\"height:10px\" aria-hidden=\"true\" class=\"wp-block-spacer\"><\/div>\n\n\n\n<h6 class=\"has-text-align-center has-text-color\" style=\"color:#f9f9f9\">Paris<\/h6>\n\n\n\n<div style=\"height:40px\" aria-hidden=\"true\" class=\"wp-block-spacer\"><\/div>\n<\/div>\n\n\n\n<div class=\"wp-container-15 wp-block-column\" style=\"flex-basis:25%\">\n<div class=\"wp-block-uagb-icon-list uagb-block-27df9bc8 uagb-icon-list__outer-wrap uagb-icon-list__layout-vertical\"><div class=\"uagb-icon-list__wrap\">\n<div class=\"wp-block-uagb-icon-list-child uagb-block-f4b8145b uagb-icon-list-repeater uagb-icon-list__wrapper\"><span class=\"uagb-icon-list__source-wrap\"><svg xmlns=\"https:\/\/www.w3.org\/2000\/svg\" viewBox=\"0 0 384 512\"><path d=\"M168.3 499.2C116.1 435 0 279.4 0 192C0 85.96 85.96 0 192 0C298 0 384 85.96 384 192C384 279.4 267 435 215.7 499.2C203.4 514.5 180.6 514.5 168.3 499.2H168.3zM192 256C227.3 256 256 227.3 256 192C256 156.7 227.3 128 192 128C156.7 128 128 156.7 128 192C128 227.3 156.7 256 192 256z\"><\/path><\/svg><\/span><\/div>\n<\/div><\/div>\n\n\n\n<div style=\"height:10px\" aria-hidden=\"true\" class=\"wp-block-spacer\"><\/div>\n\n\n\n<h6 class=\"has-text-align-center has-text-color\" style=\"color:#f9f9f9\">Londres<\/h6>\n\n\n\n<div style=\"height:40px\" aria-hidden=\"true\" class=\"wp-block-spacer\"><\/div>\n\n\n\n<div class=\"wp-block-uagb-icon-list uagb-block-4be1c0e3 uagb-icon-list__outer-wrap uagb-icon-list__layout-vertical\"><div class=\"uagb-icon-list__wrap\">\n<div class=\"wp-block-uagb-icon-list-child uagb-block-3b9bf3d5 uagb-icon-list-repeater uagb-icon-list__wrapper\"><span class=\"uagb-icon-list__source-wrap\"><svg xmlns=\"https:\/\/www.w3.org\/2000\/svg\" viewBox=\"0 0 384 512\"><path d=\"M168.3 499.2C116.1 435 0 279.4 0 192C0 85.96 85.96 0 192 0C298 0 384 85.96 384 192C384 279.4 267 435 215.7 499.2C203.4 514.5 180.6 514.5 168.3 499.2H168.3zM192 256C227.3 256 256 227.3 256 192C256 156.7 227.3 128 192 128C156.7 128 128 156.7 128 192C128 227.3 156.7 256 192 256z\"><\/path><\/svg><\/span><\/div>\n<\/div><\/div>\n\n\n\n<div style=\"height:10px\" aria-hidden=\"true\" class=\"wp-block-spacer\"><\/div>\n\n\n\n<h6 class=\"has-text-align-center has-text-color\" style=\"color:#f9f9f9\">Milan<\/h6>\n\n\n\n<div style=\"height:40px\" aria-hidden=\"true\" class=\"wp-block-spacer\"><\/div>\n<\/div>\n\n\n\n<div class=\"wp-container-16 wp-block-column\" style=\"flex-basis:25%\">\n<div class=\"wp-block-uagb-icon-list uagb-block-9e2687b9 uagb-icon-list__outer-wrap uagb-icon-list__layout-vertical\"><div class=\"uagb-icon-list__wrap\">\n<div class=\"wp-block-uagb-icon-list-child uagb-block-785736c5 uagb-icon-list-repeater uagb-icon-list__wrapper\"><span class=\"uagb-icon-list__source-wrap\"><svg xmlns=\"https:\/\/www.w3.org\/2000\/svg\" viewBox=\"0 0 384 512\"><path d=\"M168.3 499.2C116.1 435 0 279.4 0 192C0 85.96 85.96 0 192 0C298 0 384 85.96 384 192C384 279.4 267 435 215.7 499.2C203.4 514.5 180.6 514.5 168.3 499.2H168.3zM192 256C227.3 256 256 227.3 256 192C256 156.7 227.3 128 192 128C156.7 128 128 156.7 128 192C128 227.3 156.7 256 192 256z\"><\/path><\/svg><\/span><\/div>\n<\/div><\/div>\n\n\n\n<div style=\"height:10px\" aria-hidden=\"true\" class=\"wp-block-spacer\"><\/div>\n\n\n\n<h6 class=\"has-text-align-center has-text-color\" style=\"color:#f9f9f9\">Manchester<\/h6>\n\n\n\n<div style=\"height:40px\" aria-hidden=\"true\" class=\"wp-block-spacer\"><\/div>\n\n\n\n<div class=\"wp-block-uagb-icon-list uagb-block-d499dcd2 uagb-icon-list__outer-wrap uagb-icon-list__layout-vertical\"><div class=\"uagb-icon-list__wrap\">\n<div class=\"wp-block-uagb-icon-list-child uagb-block-d9134647 uagb-icon-list-repeater uagb-icon-list__wrapper\"><span class=\"uagb-icon-list__source-wrap\"><svg xmlns=\"https:\/\/www.w3.org\/2000\/svg\" viewBox=\"0 0 384 512\"><path d=\"M168.3 499.2C116.1 435 0 279.4 0 192C0 85.96 85.96 0 192 0C298 0 384 85.96 384 192C384 279.4 267 435 215.7 499.2C203.4 514.5 180.6 514.5 168.3 499.2H168.3zM192 256C227.3 256 256 227.3 256 192C256 156.7 227.3 128 192 128C156.7 128 128 156.7 128 192C128 227.3 156.7 256 192 256z\"><\/path><\/svg><\/span><\/div>\n<\/div><\/div>\n\n\n\n<div style=\"height:10px\" aria-hidden=\"true\" class=\"wp-block-spacer\"><\/div>\n\n\n\n<h6 class=\"has-text-align-center has-text-color\" style=\"color:#f9f9f9\">Madrid<\/h6>\n\n\n\n<div style=\"height:40px\" aria-hidden=\"true\" class=\"wp-block-spacer\"><\/div>\n<\/div>\n<\/div>\n<\/div>\n<\/div>\n<\/div><\/section>\n\n\n\n<section class=\"wp-block-uagb-section uagb-section__wrap uagb-section__background-color uagb-block-f41d474d\"><div class=\"uagb-section__overlay\"><\/div><div class=\"uagb-section__inner-wrap\">\n<div class=\"wp-container-23 wp-block-columns\">\n<div class=\"wp-container-20 wp-block-column\">\n<figure class=\"wp-block-image size-large\"><img width=\"1024\" height=\"704\" src=\"https:\/\/www.webgains.com\/public\/wp-content\/uploads\/2025\/09\/awards-1-1024x704.jpeg\" alt=\"\" class=\"wp-image-51854\" srcset=\"https:\/\/www.webgains.com\/public\/wp-content\/uploads\/2025\/09\/awards-1-1024x704.jpeg 1024w, https:\/\/www.webgains.com\/public\/wp-content\/uploads\/2025\/09\/awards-1-300x206.jpeg 300w, https:\/\/www.webgains.com\/public\/wp-content\/uploads\/2025\/09\/awards-1-768x528.jpeg 768w, https:\/\/www.webgains.com\/public\/wp-content\/uploads\/2025\/09\/awards-1-1600x1100.jpeg 1600w, https:\/\/www.webgains.com\/public\/wp-content\/uploads\/2025\/09\/awards-1-1536x1056.jpeg 1536w, https:\/\/www.webgains.com\/public\/wp-content\/uploads\/2025\/09\/awards-1.jpeg 2048w\" sizes=\"(max-width: 1024px) 100vw, 1024px\" \/><\/figure>\n\n\n\n<div style=\"height:24px\" aria-hidden=\"true\" class=\"wp-block-spacer\"><\/div>\n<\/div>\n\n\n\n<div class=\"wp-container-22 wp-block-column\">\n<h2 class=\"has-text-color\" style=\"color:#e61b7b;font-size:28px;font-style:normal;font-weight:600;text-transform:uppercase;letter-spacing:5px\">Carri\u00e8res <\/h2>\n\n\n\n<div style=\"height:20px\" aria-hidden=\"true\" class=\"wp-block-spacer\"><\/div>\n\n\n\n<p>Ce sont nos employ\u00e9s qui font la personnalit\u00e9 de notre entreprise : ils sont \u00e0 l\u2019origine de notre r\u00e9ussite et d\u00e9fendent nos valeurs. Nous mettons tout en \u0153uvre pour cr\u00e9er un environnement de travail o\u00f9 nos \u00e9quipes se sentent inspir\u00e9es et motiv\u00e9es par le succ\u00e8s, quelle que soit son ampleur. Nous croyons fortement en une \u00e9volution o\u00f9 chaque \u00e9tape compte pour atteindre la ligne d\u2019arriv\u00e9e avec succ\u00e8s.<\/p>\n\n\n\n<div class=\"wp-container-21 wp-block-buttons\">\n<div class=\"wp-block-button\"><a class=\"wp-block-button__link has-background\" href=\"https:\/\/www.webgains.com\/public\/fr\/carrieres\/\" style=\"border-radius:4px;background:linear-gradient(135deg,rgb(226,33,52) 0%,rgb(230,27,123) 100%)\" target=\"_blank\" rel=\"https:\/\/jobapplication.hrworks.de\/de?companyId=gb07d59 noopener\">Nos offres<\/a><\/div>\n<\/div>\n<\/div>\n<\/div>\n<\/div><\/section>\n\n\n\n<p><\/p>\n","protected":false},"excerpt":{"rendered":"<p> [&#8230;]<\/p>\n<p><a class=\"btn btn-secondary understrap-read-more-link\" href=\"https:\/\/www.webgains.com\/public\/fr\/a-propos\/\">Read More&#8230;<\/a><\/p>\n","protected":false},"author":45,"featured_media":0,"parent":0,"menu_order":0,"comment_status":"closed","ping_status":"closed","template":"page-templates\/template-blank-landing-page.php","meta":{"_uag_custom_page_level_css":""},"acf":[],"uagb_featured_image_src":{"full":false,"thumbnail":false,"medium":false,"medium_large":false,"large":false,"xl":false,"xxl":false,"xxxl":false,"xxxxl":false,"xxxxxl":false,"1536x1536":false,"2048x2048":false},"uagb_author_info":{"display_name":"Rob Atkinson","author_link":"https:\/\/www.webgains.com\/public\/author\/ratkinsonwebgains-com\/"},"uagb_comment_info":0,"uagb_excerpt":"[...]Read More...","_links":{"self":[{"href":"https:\/\/www.webgains.com\/public\/wp-json\/wp\/v2\/pages\/16072"}],"collection":[{"href":"https:\/\/www.webgains.com\/public\/wp-json\/wp\/v2\/pages"}],"about":[{"href":"https:\/\/www.webgains.com\/public\/wp-json\/wp\/v2\/types\/page"}],"author":[{"embeddable":true,"href":"https:\/\/www.webgains.com\/public\/wp-json\/wp\/v2\/users\/45"}],"replies":[{"embeddable":true,"href":"https:\/\/www.webgains.com\/public\/wp-json\/wp\/v2\/comments?post=16072"}],"version-history":[{"count":27,"href":"https:\/\/www.webgains.com\/public\/wp-json\/wp\/v2\/pages\/16072\/revisions"}],"predecessor-version":[{"id":55035,"href":"https:\/\/www.webgains.com\/public\/wp-json\/wp\/v2\/pages\/16072\/revisions\/55035"}],"wp:attachment":[{"href":"https:\/\/www.webgains.com\/public\/wp-json\/wp\/v2\/media?parent=16072"}],"curies":[{"name":"wp","href":"https:\/\/api.w.org\/{rel}","templated":true}]}}