{"id":16102,"date":"2022-03-15T17:42:30","date_gmt":"2022-03-15T17:42:30","guid":{"rendered":"https:\/\/www.webgains.com\/public\/?page_id=16102"},"modified":"2026-03-25T16:33:49","modified_gmt":"2026-03-25T16:33:49","slug":"contact","status":"publish","type":"page","link":"https:\/\/www.webgains.com\/public\/fr\/contact\/","title":{"rendered":"Contact"},"content":{"rendered":"\n<section class=\"wp-block-uagb-section uagb-section__wrap uagb-section__background-color uagb-block-e5afe296\"><div class=\"uagb-section__overlay\"><\/div><div class=\"uagb-section__inner-wrap\">\n<p><\/p>\n\n\n\n<div style=\"height:43px\" aria-hidden=\"true\" class=\"wp-block-spacer\"><\/div>\n\n\n\n<h2 class=\"has-text-align-center has-webgainsdarkorange-color has-text-color\" style=\"font-size:60px;font-style:normal;font-weight:600;letter-spacing:5px\">Nous contacter<\/h2>\n\n\n\n<p class=\"has-text-align-center has-webgainswhite-color has-text-color\">Compl\u00e9tez le formulaire ci-dessous et nous vous r\u00e9pondrons dans les plus brefs d\u00e9lais.<\/p>\n\n\n\n<div style=\"height:40px\" aria-hidden=\"true\" class=\"wp-block-spacer\"><\/div>\n<\/div><\/section>\n\n\n\n<section class=\"wp-block-uagb-section uagb-section__wrap uagb-section__background-color uagb-block-11cce71f\"><div class=\"uagb-section__overlay\"><\/div><div class=\"uagb-section__inner-wrap\">\n<h2 class=\"has-text-align-center has-webgainsdeepblueblack-color has-text-color\" style=\"font-size:28px;font-style:normal;font-weight:600;text-transform:uppercase;letter-spacing:5px\">Autres moyens de contacter Webgains<\/h2>\n\n\n\n<div style=\"height:33px\" aria-hidden=\"true\" class=\"wp-block-spacer\"><\/div>\n\n\n\n<div class=\"wp-container-3 wp-block-columns\">\n<div class=\"wp-container-1 wp-block-column\">\n<h4 class=\"has-text-align-center has-webgainspink-color has-text-color\" style=\"font-size:16px;font-style:normal;font-weight:600\">Email<\/h4>\n\n\n\n<p class=\"has-text-align-center has-webgainsdeepblueblack-color has-text-color\">commercial@webgains.fr<\/p>\n<\/div>\n\n\n\n<div class=\"wp-container-2 wp-block-column\">\n<h4 class=\"has-text-align-center has-webgainspink-color has-text-color\" style=\"font-size:16px;font-style:normal;font-weight:600\">Addresse<\/h4>\n\n\n\n<p class=\"has-text-align-center has-webgainsdeepblueblack-color has-text-color\">7, Rue Meyerbeer, 75009 Paris, France&nbsp;<\/p>\n<\/div>\n<\/div>\n<\/div><\/section>\n","protected":false},"excerpt":{"rendered":"<p> [&#8230;]<\/p>\n<p><a class=\"btn btn-secondary understrap-read-more-link\" href=\"https:\/\/www.webgains.com\/public\/fr\/contact\/\">Read More&#8230;<\/a><\/p>\n","protected":false},"author":45,"featured_media":0,"parent":0,"menu_order":0,"comment_status":"closed","ping_status":"closed","template":"page-templates\/template-blank-landing-page.php","meta":{"_uag_custom_page_level_css":""},"acf":[],"uagb_featured_image_src":{"full":false,"thumbnail":false,"medium":false,"medium_large":false,"large":false,"xl":false,"xxl":false,"xxxl":false,"xxxxl":false,"xxxxxl":false,"1536x1536":false,"2048x2048":false},"uagb_author_info":{"display_name":"Rob Atkinson","author_link":"https:\/\/www.webgains.com\/public\/author\/ratkinsonwebgains-com\/"},"uagb_comment_info":0,"uagb_excerpt":"[...]Read More...","_links":{"self":[{"href":"https:\/\/www.webgains.com\/public\/wp-json\/wp\/v2\/pages\/16102"}],"collection":[{"href":"https:\/\/www.webgains.com\/public\/wp-json\/wp\/v2\/pages"}],"about":[{"href":"https:\/\/www.webgains.com\/public\/wp-json\/wp\/v2\/types\/page"}],"author":[{"embeddable":true,"href":"https:\/\/www.webgains.com\/public\/wp-json\/wp\/v2\/users\/45"}],"replies":[{"embeddable":true,"href":"https:\/\/www.webgains.com\/public\/wp-json\/wp\/v2\/comments?post=16102"}],"version-history":[{"count":66,"href":"https:\/\/www.webgains.com\/public\/wp-json\/wp\/v2\/pages\/16102\/revisions"}],"predecessor-version":[{"id":55204,"href":"https:\/\/www.webgains.com\/public\/wp-json\/wp\/v2\/pages\/16102\/revisions\/55204"}],"wp:attachment":[{"href":"https:\/\/www.webgains.com\/public\/wp-json\/wp\/v2\/media?parent=16102"}],"curies":[{"name":"wp","href":"https:\/\/api.w.org\/{rel}","templated":true}]}}