{"id":26479,"date":"2023-02-03T10:06:36","date_gmt":"2023-02-03T10:06:36","guid":{"rendered":"https:\/\/www.webgains.com\/public\/?page_id=26479"},"modified":"2023-02-03T10:11:55","modified_gmt":"2023-02-03T10:11:55","slug":"avis-de-confidentialite","status":"publish","type":"page","link":"https:\/\/www.webgains.com\/public\/fr\/avis-de-confidentialite\/","title":{"rendered":"Avis de confidentialit\u00e9"},"content":{"rendered":"\n<section class=\"wp-block-uagb-section uagb-section__wrap uagb-section__background-undefined uagb-block-5787d9e1\"><div class=\"uagb-section__overlay\"><\/div><div class=\"uagb-section__inner-wrap\">\n<h1>Avis de confidentialit\u00e9<\/h1>\n\n\n\n<p>Cet avis vous informe conform\u00e9ment aux exigences en mati\u00e8re de protection des donn\u00e9es et vous explique pourquoi vous recevez cet e-mail.<\/p>\n\n\n\n<p><strong>1. Qui est responsable du traitement des donn\u00e9es personnelles ?<\/strong><\/p>\n\n\n\n<p>L&#8217;entit\u00e9 de contr\u00f4le du traitement des donn\u00e9es est<\/p>\n\n\n\n<p>Webgains France SARL, 7, Rue de Meyerbeer, 75009 Paris, France Pour obtenir plus de renseignements concernant la soci\u00e9t\u00e9, consultez : <a href=\"https:\/\/www.webgains.com\/public\/en\/webgains-company-details\/\">https:\/\/www.webgains.com\/public\/en\/webgains-company-details\/<\/a><\/p>\n\n\n\n<p>Pour toute demande de renseignement concernant le traitement de vos donn\u00e9es personnelles, veuillez contacter <a href=\"mailto:support@webgains.fr\">support@webgains.fr<\/a>.<\/p>\n\n\n\n<p>Le responsable de la protection des donn\u00e9es, Dr Stefan Drewes, peut \u00eatre contact\u00e9 \u00e0 l&#8217;adresse suivante : <a href=\"mailto:datenschutz@webgains.de\">datenschutz@webgains.de<\/a>.<\/p>\n\n\n\n<div style=\"height:50px\" aria-hidden=\"true\" class=\"wp-block-spacer\"><\/div>\n\n\n\n<p><strong>2. Quelles donn\u00e9es sont utilis\u00e9es, et \u00e0 quelles fins ?<\/strong><\/p>\n\n\n\n<p>Vous recevez cet e-mail parce que vous avez une relation contractuelle avec Webgains, soit au titre d&#8217;annonceur, soit au titre d&#8217;\u00e9diteur. Webgains traite donc des donn\u00e9es comme votre nom ou votre adresse e-mail afin de vous informer r\u00e9guli\u00e8rement des d\u00e9veloppements importants ou utiles li\u00e9s \u00e0 votre contrat avec Webgains. Ces renseignements sont de nature contractuelle et non pas promotionnelle.<\/p>\n\n\n\n<div style=\"height:50px\" aria-hidden=\"true\" class=\"wp-block-spacer\"><\/div>\n\n\n\n<p><strong>3. Vos droits en tant que personne concern\u00e9e<\/strong><\/p>\n\n\n\n<p>En tant que personne concern\u00e9e par le traitement des donn\u00e9es, vous disposez des droits suivants. Si vous souhaitez exercer ces droits, veuillez nous contacter :<\/p>\n\n\n\n<ul><li>Droit \u00e0 l&#8217;information<\/li><li>Droit de rectification<\/li><li>Droit \u00e0 l&#8217;effacement<\/li><li>Droit de limitation du traitement de vos donn\u00e9es<\/li><li>Droit \u00e0 la portabilit\u00e9 des donn\u00e9es<\/li><\/ul>\n\n\n\n<p>Vous pouvez vous opposer \u00e0 tout moment et sans avoir \u00e0 vous justifier au traitement des donn\u00e9es personnelles \u00e0 des fins publicitaires.<\/p>\n\n\n\n<p>D&#8217;autre part, vous avez le droit de vous opposer \u00e0 tout moment au traitement de vos donn\u00e9es personnelles pour des motifs l\u00e9gitimes et d\u00e9coulant de votre situation particuli\u00e8re. Dans ce cas, l&#8217;objection doit \u00eatre motiv\u00e9e.<\/p>\n\n\n\n<p>Statut de la d\u00e9claration : 01.01.2023<\/p>\n<\/div><\/section>\n","protected":false},"excerpt":{"rendered":"<p> [&#8230;]<\/p>\n<p><a class=\"btn btn-secondary understrap-read-more-link\" href=\"https:\/\/www.webgains.com\/public\/fr\/avis-de-confidentialite\/\">Read More&#8230;<\/a><\/p>\n","protected":false},"author":45,"featured_media":0,"parent":0,"menu_order":0,"comment_status":"closed","ping_status":"closed","template":"page-templates\/template-blank-landing-page.php","meta":{"_uag_custom_page_level_css":""},"acf":[],"uagb_featured_image_src":{"full":false,"thumbnail":false,"medium":false,"medium_large":false,"large":false,"xl":false,"xxl":false,"xxxl":false,"xxxxl":false,"xxxxxl":false,"1536x1536":false,"2048x2048":false},"uagb_author_info":{"display_name":"Rob Atkinson","author_link":"https:\/\/www.webgains.com\/public\/author\/ratkinsonwebgains-com\/"},"uagb_comment_info":0,"uagb_excerpt":"[...]Read More...","_links":{"self":[{"href":"https:\/\/www.webgains.com\/public\/wp-json\/wp\/v2\/pages\/26479"}],"collection":[{"href":"https:\/\/www.webgains.com\/public\/wp-json\/wp\/v2\/pages"}],"about":[{"href":"https:\/\/www.webgains.com\/public\/wp-json\/wp\/v2\/types\/page"}],"author":[{"embeddable":true,"href":"https:\/\/www.webgains.com\/public\/wp-json\/wp\/v2\/users\/45"}],"replies":[{"embeddable":true,"href":"https:\/\/www.webgains.com\/public\/wp-json\/wp\/v2\/comments?post=26479"}],"version-history":[{"count":0,"href":"https:\/\/www.webgains.com\/public\/wp-json\/wp\/v2\/pages\/26479\/revisions"}],"wp:attachment":[{"href":"https:\/\/www.webgains.com\/public\/wp-json\/wp\/v2\/media?parent=26479"}],"curies":[{"name":"wp","href":"https:\/\/api.w.org\/{rel}","templated":true}]}}