{"id":26484,"date":"2023-02-03T10:14:24","date_gmt":"2023-02-03T10:14:24","guid":{"rendered":"https:\/\/www.webgains.com\/public\/?page_id=26484"},"modified":"2023-02-03T10:14:25","modified_gmt":"2023-02-03T10:14:25","slug":"aviso-de-privacidad","status":"publish","type":"page","link":"https:\/\/www.webgains.com\/public\/es\/aviso-de-privacidad\/","title":{"rendered":"Aviso de privacidad"},"content":{"rendered":"\n<section class=\"wp-block-uagb-section uagb-section__wrap uagb-section__background-undefined uagb-block-2b30b21f\"><div class=\"uagb-section__overlay\"><\/div><div class=\"uagb-section__inner-wrap\">\n<h1>Aviso de privacidad<\/h1>\n\n\n\n<p>A continuaci\u00f3n, te ofreceremos informaci\u00f3n de acuerdo con los requisitos de protecci\u00f3n de datos y te explicaremos por qu\u00e9 has recibido este correo electr\u00f3nico.<\/p>\n\n\n\n<p><strong>1. \u00bfQui\u00e9n es el responsable del tratamiento de los datos personales?<\/strong><\/p>\n\n\n\n<p>El responsable del tratamiento de datos es<\/p>\n\n\n\n<p>Webgains S.L., Avenida Alberto Alcocer 46A, 4\u00baA, 28016, Madrid, Espana<\/p>\n\n\n\n<p>Para m\u00e1s informaci\u00f3n sobre la empresa, visita el aviso legal, disponible en: <a href=\"https:\/\/www.webgains.com\/public\/en\/webgains-company-details\/\">https:\/\/www.webgains.com\/public\/en\/webgains-company-details\/<\/a><\/p>\n\n\n\n<p>Si tienes alguna pregunta acerca del tratamiento de tus datos personales, ponte en contacto con <a href=\"mailto:support@webgains.es\">support@webgains.es<\/a>.<\/p>\n\n\n\n<p>El responsable de protecci\u00f3n de datos es el Dr. Stefan Drewes y su direcci\u00f3n de correo electr\u00f3nico es: <a href=\"mailto:datenschutz@webgains.de\">datenschutz@webgains.de<\/a>.<\/p>\n\n\n\n<div style=\"height:48px\" aria-hidden=\"true\" class=\"wp-block-spacer\"><\/div>\n\n\n\n<p><strong>2. \u00bfQu\u00e9 datos personales se recopilan y con qu\u00e9 finalidad?<\/strong><\/p>\n\n\n\n<p>Has recibido este correo electr\u00f3nico porque tienes un contrato con Webgains, ya sea como anunciante o como afiliado. Webgains procesa tu nombre y direcci\u00f3n de correo electr\u00f3nico para informarte sobre cambios importantes que debes conocer con respecto a tu contrato con Webgains. Esta informaci\u00f3n est\u00e1 relacionada con el contrato y no tiene fines publicitarios.<\/p>\n\n\n\n<div style=\"height:48px\" aria-hidden=\"true\" class=\"wp-block-spacer\"><\/div>\n\n\n\n<p><strong>3. Tus derechos como titular de los datos<\/strong><\/p>\n\n\n\n<p>Como titular, tienes los siguientes derechos. Si deseas ejercerlos, ponte en contacto con nosotros:<\/p>\n\n\n\n<ul><li>Derecho a la informaci\u00f3n<\/li><li>Derecho a la rectificaci\u00f3n<\/li><li>Derecho a la supresi\u00f3n<\/li><li>Derecho a la limitaci\u00f3n del tratamiento de los datos<\/li><li>Derecho a la portabilidad de los datos<\/li><\/ul>\n\n\n\n<p>Puedes oponerte al tratamiento de los datos personales con fines publicitarios en cualquier momento y sin indicar los motivos.<\/p>\n\n\n\n<p>Adem\u00e1s, tienes derecho a oponerte en cualquier momento al tratamiento de tus datos personales argumentando intereses leg\u00edtimos por motivos derivados de tu situaci\u00f3n personal. En este caso, la oposici\u00f3n debe estar justificada.<\/p>\n\n\n\n<p>Fecha de la declaraci\u00f3n: 01-01-2023<\/p>\n<\/div><\/section>\n","protected":false},"excerpt":{"rendered":"<p> [&#8230;]<\/p>\n<p><a class=\"btn btn-secondary understrap-read-more-link\" href=\"https:\/\/www.webgains.com\/public\/es\/aviso-de-privacidad\/\">Read More&#8230;<\/a><\/p>\n","protected":false},"author":45,"featured_media":0,"parent":0,"menu_order":0,"comment_status":"closed","ping_status":"closed","template":"page-templates\/template-blank-landing-page.php","meta":{"_uag_custom_page_level_css":""},"acf":[],"uagb_featured_image_src":{"full":false,"thumbnail":false,"medium":false,"medium_large":false,"large":false,"xl":false,"xxl":false,"xxxl":false,"xxxxl":false,"xxxxxl":false,"1536x1536":false,"2048x2048":false},"uagb_author_info":{"display_name":"Rob Atkinson","author_link":"https:\/\/www.webgains.com\/public\/author\/ratkinsonwebgains-com\/"},"uagb_comment_info":0,"uagb_excerpt":"[...]Read More...","_links":{"self":[{"href":"https:\/\/www.webgains.com\/public\/wp-json\/wp\/v2\/pages\/26484"}],"collection":[{"href":"https:\/\/www.webgains.com\/public\/wp-json\/wp\/v2\/pages"}],"about":[{"href":"https:\/\/www.webgains.com\/public\/wp-json\/wp\/v2\/types\/page"}],"author":[{"embeddable":true,"href":"https:\/\/www.webgains.com\/public\/wp-json\/wp\/v2\/users\/45"}],"replies":[{"embeddable":true,"href":"https:\/\/www.webgains.com\/public\/wp-json\/wp\/v2\/comments?post=26484"}],"version-history":[{"count":0,"href":"https:\/\/www.webgains.com\/public\/wp-json\/wp\/v2\/pages\/26484\/revisions"}],"wp:attachment":[{"href":"https:\/\/www.webgains.com\/public\/wp-json\/wp\/v2\/media?parent=26484"}],"curies":[{"name":"wp","href":"https:\/\/api.w.org\/{rel}","templated":true}]}}