{"id":26486,"date":"2023-02-03T10:16:40","date_gmt":"2023-02-03T10:16:40","guid":{"rendered":"https:\/\/www.webgains.com\/public\/?page_id=26486"},"modified":"2023-02-03T10:17:10","modified_gmt":"2023-02-03T10:17:10","slug":"datenschutzerklarung","status":"publish","type":"page","link":"https:\/\/www.webgains.com\/public\/de\/datenschutzerklarung\/","title":{"rendered":"Datenschutzerkl\u00e4rung"},"content":{"rendered":"\n<section class=\"wp-block-uagb-section uagb-section__wrap uagb-section__background-undefined uagb-block-ac872972\"><div class=\"uagb-section__overlay\"><\/div><div class=\"uagb-section__inner-wrap\">\n<h1>Datenschutzerkl\u00e4rung<\/h1>\n\n\n\n<p>Hiermit informieren wir dich gem\u00e4\u00df den Datenschutzbestimmungen und erkl\u00e4ren dir, warum du diese E-Mail erh\u00e4ltst.<\/p>\n\n\n\n<p>1. Wer ist f\u00fcr die Verarbeitung personenbezogener Daten verantwortlich?<\/p>\n\n\n\n<p>Der Datenverantwortliche ist<\/p>\n\n\n\n<p>Webgains GmbH, Frankenstra\u00dfe 150C, 90461 N\u00fcrnberg<\/p>\n\n\n\n<p>Weitere Informationen zum Unternehmen findest du im Impressum unter: <a href=\"https:\/\/www.webgains.com\/public\/en\/webgains-company-details\">https:\/\/www.webgains.com\/public\/en\/webgains-company-details<\/a><\/p>\n\n\n\n<p>Wenn du Fragen zur Verarbeitung deiner personenbezogenen Daten hast, sende einfach eine E-Mail an <a href=\"mailto:support@webgains.de\">support@webgains.de<\/a>.<\/p>\n\n\n\n<p>Der Datenschutzbeauftragte Dr. Stefan Drewes kann unter der folgenden E-Mail-Adresse erreicht werden: <a href=\"mailto:datenschutz@webgains.de\">datenschutz@webgains.de<\/a>.<\/p>\n\n\n\n<p>2. Welche Daten werden zu welchem Zweck verarbeitet?<\/p>\n\n\n\n<p>Du erh\u00e4ltst diese E-Mail, weil du als Advertiser oder Publisher einen Vertrag mit Webgains hast. Webgains verarbeitet deinen Namen und deine E-Mail-Adresse, um dich \u00fcber wichtige Neuigkeiten zu deinem Vertrag mit Webgains zu informieren. Du erh\u00e4ltst nur Informationen, die deinen Vertrag betreffen, keine Werbung.<\/p>\n\n\n\n<p>3. Deine Rechte als betroffene Person<\/p>\n\n\n\n<p>Als betroffene Person stehen dir die folgenden Rechte zu. Wenn du von diesen Rechten Gebrauch machen m\u00f6chtest, wende dich einfach an uns:<\/p>\n\n\n\n<p>\u00b7 Recht auf Auskunft<\/p>\n\n\n\n<p>\u00b7 Recht auf Berichtigung<\/p>\n\n\n\n<p>\u00b7 Recht auf L\u00f6schung<\/p>\n\n\n\n<p>\u00b7 Recht auf Einschr\u00e4nkung der Verarbeitung<\/p>\n\n\n\n<p>\u00b7 Recht auf Daten\u00fcbertragbarkeit<\/p>\n\n\n\n<p>Du kannst der Verarbeitung personenbezogener Daten zu Werbezwecken jederzeit und ohne Angabe von Gr\u00fcnden widersprechen.<\/p>\n\n\n\n<p>Au\u00dferdem hast du das Recht, aus Gr\u00fcnden, die sich aus deiner besonderen Situation ergeben, jederzeit gegen die Verarbeitung personenbezogener Daten auf der Grundlage von berechtigten Interessen Widerspruch einzulegen. In diesem Fall muss der Widerspruch begr\u00fcndet werden.<\/p>\n\n\n\n<p>Stand: 01.01.2023<\/p>\n<\/div><\/section>\n","protected":false},"excerpt":{"rendered":"<p> [&#8230;]<\/p>\n<p><a class=\"btn btn-secondary understrap-read-more-link\" href=\"https:\/\/www.webgains.com\/public\/de\/datenschutzerklarung\/\">Read More&#8230;<\/a><\/p>\n","protected":false},"author":45,"featured_media":0,"parent":0,"menu_order":0,"comment_status":"closed","ping_status":"closed","template":"page-templates\/template-blank-landing-page.php","meta":{"_uag_custom_page_level_css":""},"acf":[],"uagb_featured_image_src":{"full":false,"thumbnail":false,"medium":false,"medium_large":false,"large":false,"xl":false,"xxl":false,"xxxl":false,"xxxxl":false,"xxxxxl":false,"1536x1536":false,"2048x2048":false},"uagb_author_info":{"display_name":"Rob Atkinson","author_link":"https:\/\/www.webgains.com\/public\/author\/ratkinsonwebgains-com\/"},"uagb_comment_info":0,"uagb_excerpt":"[...]Read More...","_links":{"self":[{"href":"https:\/\/www.webgains.com\/public\/wp-json\/wp\/v2\/pages\/26486"}],"collection":[{"href":"https:\/\/www.webgains.com\/public\/wp-json\/wp\/v2\/pages"}],"about":[{"href":"https:\/\/www.webgains.com\/public\/wp-json\/wp\/v2\/types\/page"}],"author":[{"embeddable":true,"href":"https:\/\/www.webgains.com\/public\/wp-json\/wp\/v2\/users\/45"}],"replies":[{"embeddable":true,"href":"https:\/\/www.webgains.com\/public\/wp-json\/wp\/v2\/comments?post=26486"}],"version-history":[{"count":0,"href":"https:\/\/www.webgains.com\/public\/wp-json\/wp\/v2\/pages\/26486\/revisions"}],"wp:attachment":[{"href":"https:\/\/www.webgains.com\/public\/wp-json\/wp\/v2\/media?parent=26486"}],"curies":[{"name":"wp","href":"https:\/\/api.w.org\/{rel}","templated":true}]}}