{"id":47742,"date":"2025-07-11T11:34:20","date_gmt":"2025-07-11T11:34:20","guid":{"rendered":"https:\/\/www.webgains.com\/public\/?page_id=47742"},"modified":"2025-12-08T16:48:22","modified_gmt":"2025-12-08T16:48:22","slug":"annonceurs","status":"publish","type":"page","link":"https:\/\/www.webgains.com\/public\/fr\/annonceurs\/","title":{"rendered":"Annonceurs"},"content":{"rendered":"\n<section class=\"wp-block-uagb-section uagb-section__wrap uagb-section__background-image uagb-block-1b9005eb uag-hide-tab uag-hide-mob\"><div class=\"uagb-section__overlay\"><\/div><div class=\"uagb-section__inner-wrap\">\n<section class=\"wp-block-uagb-section uagb-section__wrap uagb-section__background-color uagb-block-33cdc9c9\"><div class=\"uagb-section__overlay\"><\/div><div class=\"uagb-section__inner-wrap\">\n<div style=\"height:18px\" aria-hidden=\"true\" class=\"wp-block-spacer\"><\/div>\n\n\n\n<h1 class=\"has-text-align-center has-webgainswhite-color has-text-color\" style=\"font-size:60px;font-style:normal;font-weight:600;letter-spacing:5px\">Webgains pour les <br><span style=\"color: #1677ff\">Annonceurs<\/span><\/h1>\n\n\n\n<div style=\"height:30px\" aria-hidden=\"true\" class=\"wp-block-spacer\"><\/div>\n\n\n\n<p class=\"has-text-align-center has-webgainswhite-color has-text-color has-medium-font-size\" style=\"font-style:normal;font-weight:300\">Vous souhaitez toucher un public plus large, devancer vos concurrents en termes d\u2019influence de marque et augmenter vos performances ? Avec Webgains, les opportunit\u00e9s sont illimit\u00e9es.<\/p>\n\n\n\n<section class=\"wp-block-uagb-section uagb-section__wrap uagb-section__background-undefined uagb-block-4b0d0a13\"><div class=\"uagb-section__overlay\"><\/div><div class=\"uagb-section__inner-wrap\">\n<div class=\"wp-container-3 wp-block-columns\">\n<div class=\"wp-container-1 wp-block-column\">\n<div class=\"wp-block-uagb-buttons uagb-buttons__outer-wrap uagb-block-92862392\"><div class=\"uagb-buttons__wrap uagb-buttons-layout-wrap\">\n<div class=\"wp-block-uagb-buttons-child uagb-buttons__outer-wrap uagb-block-fdd75674\"><div class=\"uagb-button__wrapper\"><a class=\"uagb-buttons-repeater\" href=\"#ensavoirplus\" rel=\"noopener noreferrer\" target=\"_self\"><div class=\"uagb-button__link\">En savoir plus<\/div><\/a><\/div><\/div>\n<\/div><\/div>\n\n\n\n<div style=\"height:15px\" aria-hidden=\"true\" class=\"wp-block-spacer uag-hide-desktop uag-hide-tab\"><\/div>\n<\/div>\n\n\n\n<div class=\"wp-container-2 wp-block-column\">\n<div class=\"wp-block-uagb-buttons uagb-buttons__outer-wrap uagb-block-08d50d59\"><div class=\"uagb-buttons__wrap uagb-buttons-layout-wrap\">\n<div class=\"wp-block-uagb-buttons-child uagb-buttons__outer-wrap uagb-block-1c720bc3\"><div class=\"uagb-button__wrapper\"><a class=\"uagb-buttons-repeater\" href=\"https:\/\/www.webgains.com\/public\/fr\/demarrer-un-programme\/\" rel=\"noopener noreferrer\" target=\"_self\"><div class=\"uagb-button__link\">Rejoignez Webgains<\/div><\/a><\/div><\/div>\n<\/div><\/div>\n<\/div>\n<\/div>\n<\/div><\/section>\n<\/div><\/section>\n<\/div><\/section>\n\n\n\n<section class=\"wp-block-uagb-section uagb-section__wrap uagb-section__background-image uagb-block-cd5eaf88 uag-hide-desktop\"><div class=\"uagb-section__overlay\"><\/div><div class=\"uagb-section__inner-wrap\">\n<section class=\"wp-block-uagb-section uagb-section__wrap uagb-section__background-color uagb-block-00f2983d\"><div class=\"uagb-section__overlay\"><\/div><div class=\"uagb-section__inner-wrap\">\n<div style=\"height:18px\" aria-hidden=\"true\" class=\"wp-block-spacer\"><\/div>\n\n\n\n<h1 class=\"has-text-align-center has-webgainswhite-color has-text-color\" style=\"font-size:30px;font-style:normal;font-weight:600;letter-spacing:5px\">Webgains pour les <span style=\"color: #1677ff\">Annonceurs<\/span><\/h1>\n\n\n\n<div style=\"height:30px\" aria-hidden=\"true\" class=\"wp-block-spacer\"><\/div>\n\n\n\n<p class=\"has-text-align-center has-webgainswhite-color has-text-color\" style=\"font-size:16px;font-style:normal;font-weight:300\">Vous souhaitez toucher un public plus large, devancer vos concurrents en termes d\u2019influence de marque et augmenter vos performances ? Avec Webgains, les opportunit\u00e9s sont illimit\u00e9es.<\/p>\n\n\n\n<section class=\"wp-block-uagb-section uagb-section__wrap uagb-section__background-undefined uagb-block-808f35c4\"><div class=\"uagb-section__overlay\"><\/div><div class=\"uagb-section__inner-wrap\">\n<div class=\"wp-container-6 wp-block-columns\">\n<div class=\"wp-container-4 wp-block-column\">\n<div class=\"wp-block-uagb-buttons uagb-buttons__outer-wrap uagb-block-7f5479d9\"><div class=\"uagb-buttons__wrap uagb-buttons-layout-wrap\">\n<div class=\"wp-block-uagb-buttons-child uagb-buttons__outer-wrap uagb-block-ff253ad2\"><div class=\"uagb-button__wrapper\"><a class=\"uagb-buttons-repeater\" href=\"#ensavoirplus\" rel=\"noopener noreferrer\" target=\"_self\"><div class=\"uagb-button__link\">En savoir plus<\/div><\/a><\/div><\/div>\n<\/div><\/div>\n\n\n\n<div style=\"height:15px\" aria-hidden=\"true\" class=\"wp-block-spacer uag-hide-desktop uag-hide-tab\"><\/div>\n<\/div>\n\n\n\n<div class=\"wp-container-5 wp-block-column\">\n<div class=\"wp-block-uagb-buttons uagb-buttons__outer-wrap uagb-block-50e9136a\"><div class=\"uagb-buttons__wrap uagb-buttons-layout-wrap\">\n<div class=\"wp-block-uagb-buttons-child uagb-buttons__outer-wrap uagb-block-f7aa5e56\"><div class=\"uagb-button__wrapper\"><a class=\"uagb-buttons-repeater\" href=\"https:\/\/www.webgains.com\/public\/fr\/demarrer-un-programme\/\" rel=\"noopener noreferrer\" target=\"_self\"><div class=\"uagb-button__link\">Rejoignez Webgains<\/div><\/a><\/div><\/div>\n<\/div><\/div>\n<\/div>\n<\/div>\n<\/div><\/section>\n<\/div><\/section>\n<\/div><\/section>\n\n\n\n<section class=\"wp-block-uagb-section uagb-section__wrap uagb-section__background-undefined uagb-block-5c40cbb2 uag-hide-mob\"><div class=\"uagb-section__overlay\"><\/div><div class=\"uagb-section__inner-wrap\">\n<div class=\"wp-container-10 wp-block-columns\">\n<div class=\"wp-container-7 wp-block-column\">\n<h2 class=\"has-text-color\" style=\"color:#1677ff;font-size:28px;font-style:normal;font-weight:600;text-transform:uppercase;letter-spacing:5px\">Un Accompagnement<\/h2>\n\n\n\n<div style=\"height:15px\" aria-hidden=\"true\" class=\"wp-block-spacer\"><\/div>\n\n\n\n<p>Nous nous effor\u00e7ons de mettre en relation les marques avec les bons publishers, au bon moment et avec le bon contenu. Nous valorisons la qualit\u00e9 de notre r\u00e9seau et les relations avec nos partenaires, mais nous savons que les ventes sont tout aussi importantes. C&#8217;est pourquoi nous nous appuyons sur notre technologie tout au long du parcours des internautes jusqu\u2019\u00e0 la conversion, afin d&#8217;intervenir toujours au bon moment. Nous faisons en sorte que votre audience cible ach\u00e8te votre produit ou votre service et qu\u2019elle soit satisfaite de sa d\u00e9cision d\u2019achat.<\/p>\n\n\n\n<p><strong>Vous souhaitez en savoir plus ?<\/strong><br>Contactez-nous au :<a href=\"tel:+33 (0) 1 85 65 19 03\">&nbsp;+33 (0) 1 85 65 19 03<\/a><br>ou par email :&nbsp;<a href=\"mailto:sales@webgains.com\">commercial@webgains.fr<\/a><\/p>\n<\/div>\n\n\n\n<div class=\"wp-container-9 wp-block-column\">\n<figure class=\"wp-block-video\"><video controls src=\"https:\/\/www.webgains.com\/public\/wp-content\/uploads\/2017\/09\/Advertiser-French.webm\"><\/video><\/figure>\n\n\n\n<div style=\"height:27px\" aria-hidden=\"true\" class=\"wp-block-spacer\"><\/div>\n\n\n\n<div class=\"wp-container-8 is-content-justification-left is-nowrap wp-block-buttons\">\n<div class=\"wp-block-button aligncenter has-custom-width wp-block-button__width-50 has-custom-font-size\" style=\"font-size:15px\"><a class=\"wp-block-button__link has-background\" href=\"https:\/\/www.webgains.com\/public\/fr\/contact\/\" style=\"border-radius:10px;background-color:#1677ff\">Contact<\/a><\/div>\n<\/div>\n<\/div>\n<\/div>\n<\/div><\/section>\n\n\n\n<section class=\"wp-block-uagb-section uagb-section__wrap uagb-section__background-undefined uagb-block-f671b6a9 uag-hide-desktop uag-hide-tab\"><div class=\"uagb-section__overlay\"><\/div><div class=\"uagb-section__inner-wrap\">\n<div class=\"wp-container-14 wp-block-columns\">\n<div class=\"wp-container-11 wp-block-column\">\n<h2 class=\"has-text-align-center has-text-color\" style=\"color:#1677ff;font-size:28px;font-style:normal;font-weight:600;text-transform:uppercase;letter-spacing:5px\">Un Accompagnement<\/h2>\n\n\n\n<div style=\"height:15px\" aria-hidden=\"true\" class=\"wp-block-spacer\"><\/div>\n\n\n\n<p class=\"has-text-align-center\">Nous nous effor\u00e7ons de mettre en relation les marques avec les bons publishers, au bon moment et avec le bon contenu. Nous valorisons la qualit\u00e9 de notre r\u00e9seau et les relations avec nos partenaires, mais nous savons que les ventes sont tout aussi importantes. C&#8217;est pourquoi nous nous appuyons sur notre technologie tout au long du parcours des internautes jusqu\u2019\u00e0 la conversion, afin d&#8217;intervenir toujours au bon moment. Nous faisons en sorte que votre audience cible ach\u00e8te votre produit ou votre service et qu\u2019elle soit satisfaite de sa d\u00e9cision d\u2019achat.<\/p>\n\n\n\n<p class=\"has-text-align-center\"><strong>Vous souhaitez en savoir plus ?<\/strong><br>Contactez-nous au :<a href=\"tel:+33 (0) 1 85 65 19 03\">&nbsp;+33 (0) 1 85 65 19 03<\/a><br>ou par email :&nbsp;<a href=\"mailto:sales@webgains.com\">commercial@webgains.fr<\/a><\/p>\n<\/div>\n\n\n\n<div class=\"wp-container-13 wp-block-column\">\n<figure class=\"wp-block-video aligncenter\"><video controls src=\"https:\/\/www.webgains.com\/public\/wp-content\/uploads\/2017\/09\/Advertiser-French.webm\"><\/video><\/figure>\n\n\n\n<div style=\"height:27px\" aria-hidden=\"true\" class=\"wp-block-spacer\"><\/div>\n\n\n\n<div class=\"wp-container-12 is-content-justification-center is-nowrap wp-block-buttons\">\n<div class=\"wp-block-button aligncenter has-custom-width wp-block-button__width-50 has-custom-font-size\" style=\"font-size:15px\"><a class=\"wp-block-button__link has-background\" href=\"https:\/\/www.webgains.com\/public\/fr\/contact\/\" style=\"border-radius:10px;background-color:#1677ff\">Contact<\/a><\/div>\n<\/div>\n\n\n\n<div style=\"height:44px\" aria-hidden=\"true\" class=\"wp-block-spacer\"><\/div>\n<\/div>\n<\/div>\n<\/div><\/section>\n\n\n\n<section class=\"wp-block-uagb-section uagb-section__wrap uagb-section__background-color uagb-block-ab39a1b6\"><div class=\"uagb-section__overlay\"><\/div><div class=\"uagb-section__inner-wrap\">\n<div class=\"wp-container-18 wp-block-columns\">\n<div class=\"wp-container-15 wp-block-column\">\n<h2 class=\"has-text-align-center has-text-color\" style=\"color:#1677ff;font-style:normal;font-weight:600\">1,800+<\/h2>\n\n\n\n<h6 class=\"has-text-align-center has-webgainsgrey-color has-text-color\">Annonceurs<\/h6>\n\n\n\n<div style=\"height:22px\" aria-hidden=\"true\" class=\"wp-block-spacer\"><\/div>\n<\/div>\n\n\n\n<div class=\"wp-container-16 wp-block-column\">\n<h2 class=\"has-text-align-center has-text-color\" style=\"color:#1677ff;font-style:normal;font-weight:600\">250,000+<\/h2>\n\n\n\n<h6 class=\"has-text-align-center has-webgainsgrey-color has-text-color\">Publishers<\/h6>\n\n\n\n<div style=\"height:22px\" aria-hidden=\"true\" class=\"wp-block-spacer\"><\/div>\n<\/div>\n\n\n\n<div class=\"wp-container-17 wp-block-column\">\n<h2 class=\"has-text-align-center has-text-color\" style=\"color:#1677ff;font-style:normal;font-weight:600\">150+<\/h2>\n\n\n\n<h6 class=\"has-text-align-center has-webgainsgrey-color has-text-color\">Pays actifs<br>Des ventes dans le monde entier&nbsp;<\/h6>\n\n\n\n<div style=\"height:22px\" aria-hidden=\"true\" class=\"wp-block-spacer\"><\/div>\n<\/div>\n<\/div>\n<\/div><\/section>\n\n\n\n<section class=\"wp-block-uagb-section uagb-section__wrap uagb-section__background-color uagb-block-28c4b72e\"><div class=\"uagb-section__overlay\"><\/div><div class=\"uagb-section__inner-wrap\">\n<div class=\"wp-container-24 wp-block-columns\">\n<div class=\"wp-container-23 wp-block-column\">\n<h2 class=\"has-text-align-center has-text-color\" style=\"color:#1677ff;font-size:28px;font-style:normal;font-weight:600;text-transform:uppercase;letter-spacing:5px\">Pourquoi Webgains<\/h2>\n\n\n\n<div style=\"height:32px\" aria-hidden=\"true\" class=\"wp-block-spacer\"><\/div>\n\n\n\n<div class=\"wp-container-22 wp-block-columns\">\n<div class=\"wp-container-19 wp-block-column\">\n<h4 class=\"has-text-align-center has-webgainsgrey-color has-text-color\" style=\"font-style:normal;font-weight:600\">R\u00e9seau international<\/h4>\n\n\n\n<p class=\"has-text-align-center has-webgainsdeepblueblack-color has-text-color has-small-font-size\">Webgains dispose d\u2019une \u00e9quipe de plus d\u2019une centaine d\u2019employ\u00e9s r\u00e9partis dans le monde entier et connaissant parfaitement le march\u00e9. Nous avons les comp\u00e9tences n\u00e9cessaires pour booster vos ventes, et notre taille nous permet \u00e9galement de d\u00e9velopper une relation privil\u00e9gi\u00e9e avec vous.\u202f<\/p>\n\n\n\n<div style=\"height:30px\" aria-hidden=\"true\" class=\"wp-block-spacer\"><\/div>\n<\/div>\n\n\n\n<div class=\"wp-container-20 wp-block-column has-webgainsdeepblueblack-color has-text-color\">\n<h4 class=\"has-text-align-center has-webgainsgrey-color has-text-color\" style=\"font-style:normal;font-weight:600\">Notre march\u00e9<\/h4>\n\n\n\n<p class=\"has-text-align-center has-webgainsdeepblueblack-color has-text-color has-small-font-size\">Notre connaissance du march\u00e9 est in\u00e9gal\u00e9e et notre approche dynamique et collaborative nous permet de vous conseiller au quotidien. Nous ne sommes pas simplement un prestataire\u202f: consid\u00e9rez-nous comme un membre \u00e0 part enti\u00e8re de votre \u00e9quipe.<\/p>\n\n\n\n<div style=\"height:30px\" aria-hidden=\"true\" class=\"wp-block-spacer\"><\/div>\n<\/div>\n\n\n\n<div class=\"wp-container-21 wp-block-column\">\n<h4 class=\"has-text-align-center has-webgainsgrey-color has-text-color\" style=\"font-style:normal;font-weight:600\">Equipe ambitieuse<\/h4>\n\n\n\n<p class=\"has-text-align-center has-webgainsdeepblueblack-color has-text-color has-small-font-size\">Pour obtenir les meilleurs r\u00e9sultats, nous d\u00e9veloppons les meilleurs talents. Notre \u00e9quipe dynamique est nourrie par des succ\u00e8s et a une soif constante de connaissances. D\u00e9couvrez comment rejoindre nos \u00e9quipes.<\/p>\n\n\n\n<div style=\"height:30px\" aria-hidden=\"true\" class=\"wp-block-spacer\"><\/div>\n<\/div>\n<\/div>\n<\/div>\n<\/div>\n<\/div><\/section>\n\n\n\n<section class=\"wp-block-uagb-section uagb-section__wrap uagb-section__background-color uagb-block-d0eaabd5\"><div class=\"uagb-section__overlay\"><\/div><div class=\"uagb-section__inner-wrap\">\n<h2 class=\"has-text-align-center has-text-color\" style=\"color:#1677ff;font-size:28px;font-style:normal;font-weight:600;text-transform:uppercase;letter-spacing:5px\">Un portfolio \u00e9ntendu<\/h2>\n\n\n\n<div style=\"height:37px\" aria-hidden=\"true\" class=\"wp-block-spacer\"><\/div>\n\n\n\n<figure class=\"wp-container-26 wp-block-gallery-25 wp-block-gallery has-nested-images columns-4 is-cropped\">\n<figure class=\"wp-block-image size-large\"><img width=\"250\" height=\"120\" src=\"https:\/\/www.webgains.com\/public\/wp-content\/uploads\/2025\/09\/natures-finest-1.png\" alt=\"\" class=\"wp-image-51188\"\/><\/figure>\n\n\n\n<figure class=\"wp-block-image size-large\"><img width=\"250\" height=\"120\" src=\"https:\/\/www.webgains.com\/public\/wp-content\/uploads\/2025\/09\/carhartt.png\" alt=\"\" class=\"wp-image-51176\"\/><\/figure>\n\n\n\n<figure class=\"wp-block-image size-large\"><img width=\"250\" height=\"120\" src=\"https:\/\/www.webgains.com\/public\/wp-content\/uploads\/2025\/09\/paris-city-vision-1.png\" alt=\"\" class=\"wp-image-51189\"\/><\/figure>\n\n\n\n<figure class=\"wp-block-image size-large\"><img width=\"250\" height=\"120\" src=\"https:\/\/www.webgains.com\/public\/wp-content\/uploads\/2025\/09\/victoria-secret.png\" alt=\"\" class=\"wp-image-51196\"\/><\/figure>\n\n\n\n<figure class=\"wp-block-image size-large\"><img width=\"250\" height=\"120\" src=\"https:\/\/www.webgains.com\/public\/wp-content\/uploads\/2025\/09\/dickies-1.png\" alt=\"\" class=\"wp-image-51177\"\/><\/figure>\n\n\n\n<figure class=\"wp-block-image size-large\"><img width=\"250\" height=\"120\" src=\"https:\/\/www.webgains.com\/public\/wp-content\/uploads\/2025\/09\/illy-1.png\" alt=\"\" class=\"wp-image-51183\"\/><\/figure>\n\n\n\n<figure class=\"wp-block-image size-large\"><img width=\"250\" height=\"120\" src=\"https:\/\/www.webgains.com\/public\/wp-content\/uploads\/2025\/09\/FC-moto.png\" alt=\"\" class=\"wp-image-51178\"\/><\/figure>\n\n\n\n<figure class=\"wp-block-image size-large\"><img width=\"250\" height=\"120\" src=\"https:\/\/www.webgains.com\/public\/wp-content\/uploads\/2025\/09\/perfume-club.png\" alt=\"\" class=\"wp-image-51190\"\/><\/figure>\n\n\n\n<figure class=\"wp-block-image size-large\"><img width=\"250\" height=\"120\" src=\"https:\/\/www.webgains.com\/public\/wp-content\/uploads\/2025\/09\/academie-de-gout.png\" alt=\"\" class=\"wp-image-51167\"\/><\/figure>\n\n\n\n<figure class=\"wp-block-image size-large\"><img width=\"250\" height=\"120\" src=\"https:\/\/www.webgains.com\/public\/wp-content\/uploads\/2025\/09\/xcaret.png\" alt=\"\" class=\"wp-image-51197\"\/><\/figure>\n\n\n\n<figure class=\"wp-block-image size-large\"><img width=\"250\" height=\"120\" src=\"https:\/\/www.webgains.com\/public\/wp-content\/uploads\/2025\/09\/all4golf-1.png\" alt=\"\" class=\"wp-image-51169\"\/><\/figure>\n\n\n\n<figure class=\"wp-block-image size-large\"><img width=\"250\" height=\"120\" src=\"https:\/\/www.webgains.com\/public\/wp-content\/uploads\/2025\/09\/tropicfeel.png\" alt=\"\" class=\"wp-image-51195\"\/><\/figure>\n<\/figure>\n<\/div><\/section>\n\n\n\n<section class=\"wp-block-uagb-section uagb-section__wrap uagb-section__background-color uagb-block-7b2a0251\"><div class=\"uagb-section__overlay\"><\/div><div class=\"uagb-section__inner-wrap\">\n<div style=\"height:31px\" aria-hidden=\"true\" class=\"wp-block-spacer\"><\/div>\n\n\n\n<h2 class=\"has-text-align-center has-text-color\" style=\"color:#1677ff;font-size:28px;font-style:normal;font-weight:600;text-transform:uppercase;letter-spacing:5px\">Des publishers correspondant \u00e0 votre audience<\/h2>\n\n\n\n<div style=\"height:25px\" aria-hidden=\"true\" class=\"wp-block-spacer\"><\/div>\n\n\n\n<figure class=\"wp-container-28 wp-block-gallery-27 wp-block-gallery has-nested-images columns-4 is-cropped\">\n<figure class=\"wp-block-image size-large\"><img width=\"250\" height=\"120\" src=\"https:\/\/www.webgains.com\/public\/wp-content\/uploads\/2025\/09\/20-minutes-media.png\" alt=\"\" class=\"wp-image-51749\"\/><\/figure>\n\n\n\n<figure class=\"wp-block-image size-large\"><img width=\"250\" height=\"120\" src=\"https:\/\/www.webgains.com\/public\/wp-content\/uploads\/2025\/09\/redbrain-1.png\" alt=\"\" class=\"wp-image-51143\"\/><\/figure>\n\n\n\n<figure class=\"wp-block-image size-large\"><img width=\"250\" height=\"120\" src=\"https:\/\/www.webgains.com\/public\/wp-content\/uploads\/2025\/09\/igraal.png\" alt=\"\" class=\"wp-image-51134\"\/><\/figure>\n\n\n\n<figure class=\"wp-block-image size-large\"><img width=\"250\" height=\"120\" src=\"https:\/\/www.webgains.com\/public\/wp-content\/uploads\/2025\/09\/shoparize.png\" alt=\"\" class=\"wp-image-51147\"\/><\/figure>\n\n\n\n<figure class=\"wp-block-image size-large\"><img width=\"250\" height=\"120\" src=\"https:\/\/www.webgains.com\/public\/wp-content\/uploads\/2025\/09\/lyst.png\" alt=\"\" class=\"wp-image-51141\"\/><\/figure>\n\n\n\n<figure class=\"wp-block-image size-large\"><img width=\"250\" height=\"120\" src=\"https:\/\/www.webgains.com\/public\/wp-content\/uploads\/2025\/09\/klarna-2.png\" alt=\"\" class=\"wp-image-51155\"\/><\/figure>\n\n\n\n<figure class=\"wp-block-image size-large\"><img width=\"250\" height=\"120\" src=\"https:\/\/www.webgains.com\/public\/wp-content\/uploads\/2025\/09\/atolls.png\" alt=\"\" class=\"wp-image-51153\"\/><\/figure>\n\n\n\n<figure class=\"wp-block-image size-large\"><img width=\"250\" height=\"120\" src=\"https:\/\/www.webgains.com\/public\/wp-content\/uploads\/2025\/09\/joko.png\" alt=\"\" class=\"wp-image-51136\"\/><\/figure>\n<\/figure>\n<\/div><\/section>\n","protected":false},"excerpt":{"rendered":"<p> [&#8230;]<\/p>\n<p><a class=\"btn btn-secondary understrap-read-more-link\" href=\"https:\/\/www.webgains.com\/public\/fr\/annonceurs\/\">Read More&#8230;<\/a><\/p>\n","protected":false},"author":45,"featured_media":0,"parent":0,"menu_order":0,"comment_status":"closed","ping_status":"closed","template":"page-templates\/template-blank-landing-page.php","meta":{"_uag_custom_page_level_css":""},"acf":[],"uagb_featured_image_src":{"full":false,"thumbnail":false,"medium":false,"medium_large":false,"large":false,"xl":false,"xxl":false,"xxxl":false,"xxxxl":false,"xxxxxl":false,"1536x1536":false,"2048x2048":false},"uagb_author_info":{"display_name":"Rob Atkinson","author_link":"https:\/\/www.webgains.com\/public\/author\/ratkinsonwebgains-com\/"},"uagb_comment_info":0,"uagb_excerpt":"[...]Read More...","_links":{"self":[{"href":"https:\/\/www.webgains.com\/public\/wp-json\/wp\/v2\/pages\/47742"}],"collection":[{"href":"https:\/\/www.webgains.com\/public\/wp-json\/wp\/v2\/pages"}],"about":[{"href":"https:\/\/www.webgains.com\/public\/wp-json\/wp\/v2\/types\/page"}],"author":[{"embeddable":true,"href":"https:\/\/www.webgains.com\/public\/wp-json\/wp\/v2\/users\/45"}],"replies":[{"embeddable":true,"href":"https:\/\/www.webgains.com\/public\/wp-json\/wp\/v2\/comments?post=47742"}],"version-history":[{"count":76,"href":"https:\/\/www.webgains.com\/public\/wp-json\/wp\/v2\/pages\/47742\/revisions"}],"predecessor-version":[{"id":53832,"href":"https:\/\/www.webgains.com\/public\/wp-json\/wp\/v2\/pages\/47742\/revisions\/53832"}],"wp:attachment":[{"href":"https:\/\/www.webgains.com\/public\/wp-json\/wp\/v2\/media?parent=47742"}],"curies":[{"name":"wp","href":"https:\/\/api.w.org\/{rel}","templated":true}]}}