{"id":47801,"date":"2025-07-11T11:53:24","date_gmt":"2025-07-11T11:53:24","guid":{"rendered":"https:\/\/www.webgains.com\/public\/?page_id=47801"},"modified":"2025-12-08T16:45:30","modified_gmt":"2025-12-08T16:45:30","slug":"anunciantes","status":"publish","type":"page","link":"https:\/\/www.webgains.com\/public\/es\/anunciantes\/","title":{"rendered":"Anunciantes"},"content":{"rendered":"\n<section class=\"wp-block-uagb-section uagb-section__wrap uagb-section__background-image uagb-block-4f30ce08 uag-hide-tab uag-hide-mob\"><div class=\"uagb-section__overlay\"><\/div><div class=\"uagb-section__inner-wrap\">\n<section class=\"wp-block-uagb-section uagb-section__wrap uagb-section__background-color uagb-block-1de4d419\"><div class=\"uagb-section__overlay\"><\/div><div class=\"uagb-section__inner-wrap\">\n<div style=\"height:18px\" aria-hidden=\"true\" class=\"wp-block-spacer\"><\/div>\n\n\n\n<h1 class=\"has-text-align-center has-webgainswhite-color has-text-color\" style=\"font-size:60px;font-style:normal;font-weight:600;letter-spacing:5px\">Webgains para <br><span style=\"color: #1677ff\">Anuniciantes<\/span><\/h1>\n\n\n\n<div style=\"height:30px\" aria-hidden=\"true\" class=\"wp-block-spacer\"><\/div>\n\n\n\n<p class=\"has-text-align-center has-webgainswhite-color has-text-color has-medium-font-size\" style=\"font-style:normal;font-weight:300\">Si deseas llegar a un p\u00fablico m\u00e1s amplio, impulsar el alcance de tu marca m\u00e1s all\u00e1 de la competencia y mejorar tu rendimiento; as\u00ed no habr\u00e1 l\u00edmites.<\/p>\n\n\n\n<section class=\"wp-block-uagb-section uagb-section__wrap uagb-section__background-undefined uagb-block-1ab17e2d\"><div class=\"uagb-section__overlay\"><\/div><div class=\"uagb-section__inner-wrap\">\n<div class=\"wp-container-3 wp-block-columns\">\n<div class=\"wp-container-1 wp-block-column\">\n<div class=\"wp-block-uagb-buttons uagb-buttons__outer-wrap uagb-block-f859f097\"><div class=\"uagb-buttons__wrap uagb-buttons-layout-wrap\">\n<div class=\"wp-block-uagb-buttons-child uagb-buttons__outer-wrap uagb-block-571ac340\"><div class=\"uagb-button__wrapper\"><a class=\"uagb-buttons-repeater\" href=\"#sabermas\" rel=\"noopener noreferrer\" target=\"_self\"><div class=\"uagb-button__link\">Saber m\u00e1s<\/div><\/a><\/div><\/div>\n<\/div><\/div>\n\n\n\n<div style=\"height:15px\" aria-hidden=\"true\" class=\"wp-block-spacer uag-hide-desktop uag-hide-tab\"><\/div>\n<\/div>\n\n\n\n<div class=\"wp-container-2 wp-block-column\">\n<div class=\"wp-block-uagb-buttons uagb-buttons__outer-wrap uagb-block-bbea715c\"><div class=\"uagb-buttons__wrap uagb-buttons-layout-wrap\">\n<div class=\"wp-block-uagb-buttons-child uagb-buttons__outer-wrap uagb-block-9a0cfca5\"><div class=\"uagb-button__wrapper\"><a class=\"uagb-buttons-repeater\" href=\"https:\/\/www.webgains.com\/public\/es\/empezar-un-programa\/\" rel=\"noopener noreferrer\" target=\"_self\"><div class=\"uagb-button__link\">\u00danete a Webgains<\/div><\/a><\/div><\/div>\n<\/div><\/div>\n<\/div>\n<\/div>\n<\/div><\/section>\n<\/div><\/section>\n<\/div><\/section>\n\n\n\n<section class=\"wp-block-uagb-section uagb-section__wrap uagb-section__background-image uagb-block-fd71cda8 uag-hide-desktop\"><div class=\"uagb-section__overlay\"><\/div><div class=\"uagb-section__inner-wrap\">\n<section class=\"wp-block-uagb-section uagb-section__wrap uagb-section__background-color uagb-block-8c23517d\"><div class=\"uagb-section__overlay\"><\/div><div class=\"uagb-section__inner-wrap\">\n<div style=\"height:18px\" aria-hidden=\"true\" class=\"wp-block-spacer\"><\/div>\n\n\n\n<h1 class=\"has-text-align-center has-webgainswhite-color has-text-color\" style=\"font-size:40px;font-style:normal;font-weight:600;letter-spacing:5px\">Webgains para <span style=\"color:#1677ff;\">Anuniciantes<\/span><\/h1>\n\n\n\n<div style=\"height:30px\" aria-hidden=\"true\" class=\"wp-block-spacer\"><\/div>\n\n\n\n<p class=\"has-text-align-center has-webgainswhite-color has-text-color\" style=\"font-size:16px;font-style:normal;font-weight:300\">Si deseas llegar a un p\u00fablico m\u00e1s amplio, impulsar el alcance de tu marca m\u00e1s all\u00e1 de la competencia y mejorar tu rendimiento; as\u00ed no habr\u00e1 l\u00edmites.<\/p>\n\n\n\n<section class=\"wp-block-uagb-section uagb-section__wrap uagb-section__background-undefined uagb-block-c8580a86\"><div class=\"uagb-section__overlay\"><\/div><div class=\"uagb-section__inner-wrap\">\n<div class=\"wp-container-6 wp-block-columns\">\n<div class=\"wp-container-4 wp-block-column\">\n<div class=\"wp-block-uagb-buttons uagb-buttons__outer-wrap uagb-block-3c779c3b\"><div class=\"uagb-buttons__wrap uagb-buttons-layout-wrap\">\n<div class=\"wp-block-uagb-buttons-child uagb-buttons__outer-wrap uagb-block-6b9ac34f\"><div class=\"uagb-button__wrapper\"><a class=\"uagb-buttons-repeater\" href=\"#sabermas\" rel=\"noopener noreferrer\" target=\"_self\"><div class=\"uagb-button__link\">Saber m\u00e1s<\/div><\/a><\/div><\/div>\n<\/div><\/div>\n\n\n\n<div style=\"height:15px\" aria-hidden=\"true\" class=\"wp-block-spacer uag-hide-desktop uag-hide-tab\"><\/div>\n<\/div>\n\n\n\n<div class=\"wp-container-5 wp-block-column\">\n<div class=\"wp-block-uagb-buttons uagb-buttons__outer-wrap uagb-block-40bb587f\"><div class=\"uagb-buttons__wrap uagb-buttons-layout-wrap\">\n<div class=\"wp-block-uagb-buttons-child uagb-buttons__outer-wrap uagb-block-8bbbddee\"><div class=\"uagb-button__wrapper\"><a class=\"uagb-buttons-repeater\" href=\"https:\/\/www.webgains.com\/public\/es\/empezar-un-programa\/\" rel=\"noopener noreferrer\" target=\"_self\"><div class=\"uagb-button__link\">\u00danete a Webgains<\/div><\/a><\/div><\/div>\n<\/div><\/div>\n<\/div>\n<\/div>\n<\/div><\/section>\n<\/div><\/section>\n<\/div><\/section>\n\n\n\n<section class=\"wp-block-uagb-section uagb-section__wrap uagb-section__background-undefined uagb-block-11a284ea uag-hide-mob\"><div class=\"uagb-section__overlay\"><\/div><div class=\"uagb-section__inner-wrap\">\n<div class=\"wp-container-10 wp-block-columns\">\n<div class=\"wp-container-7 wp-block-column\">\n<h2 class=\"has-text-color\" style=\"color:#1677ff;font-style:normal;font-weight:600;text-transform:uppercase;letter-spacing:5px\">\u00bfC\u00f3mo te podemos ayudar?<\/h2>\n\n\n\n<div style=\"height:15px\" aria-hidden=\"true\" class=\"wp-block-spacer\"><\/div>\n\n\n\n<p>Trabajamos incesantemente para poner en contacto a las marcas con los afiliados adecuados, en el momento adecuado y con el contenido adecuado. Valoramos los contenidos de calidad y las relaciones laborales s\u00f3lidas, pero somos conscientes de que ganar dinero es igual de importante. Por ello hacemos uso de tecnolog\u00eda punta en el punto de conversi\u00f3n, tomando acciones en caso necesario y garantizando que tu p\u00fablico se lleve tu producto o servicio a la cesta, con una buena sensaci\u00f3n sobre su elecci\u00f3n.<\/p>\n\n\n\n<p><strong>\u00bfQuieres m\u00e1s informaci\u00f3n?<\/strong><br>Ll\u00e1manos al&nbsp;<a href=\"tel:+34 91 417 74 55\">+34 91 417 74 55<\/a><br>o env\u00edanos un mail a&nbsp;<a href=\"mailto:sales@webgains.com\">sales@webgains.es<\/a><\/p>\n<\/div>\n\n\n\n<div class=\"wp-container-9 wp-block-column\">\n<figure class=\"wp-block-video\"><video controls src=\"https:\/\/www.webgains.com\/public\/wp-content\/uploads\/2017\/09\/Advertiser-French.webm\"><\/video><\/figure>\n\n\n\n<div style=\"height:27px\" aria-hidden=\"true\" class=\"wp-block-spacer\"><\/div>\n\n\n\n<div class=\"wp-container-8 is-content-justification-left is-nowrap wp-block-buttons\">\n<div class=\"wp-block-button aligncenter has-custom-width wp-block-button__width-50\"><a class=\"wp-block-button__link has-background\" href=\"https:\/\/www.webgains.com\/public\/fr\/contact\/\" style=\"border-radius:11px;background-color:#1677ff\">Contacto<\/a><\/div>\n<\/div>\n<\/div>\n<\/div>\n<\/div><\/section>\n\n\n\n<section class=\"wp-block-uagb-section uagb-section__wrap uagb-section__background-undefined uagb-block-675668bd uag-hide-desktop uag-hide-tab\"><div class=\"uagb-section__overlay\"><\/div><div class=\"uagb-section__inner-wrap\">\n<div class=\"wp-container-14 wp-block-columns\">\n<div class=\"wp-container-11 wp-block-column\">\n<h2 class=\"has-text-align-center has-text-color\" style=\"color:#1677ff;font-style:normal;font-weight:600;text-transform:uppercase;letter-spacing:5px\">\u00bfC\u00f3mo te podemos ayudar?<\/h2>\n\n\n\n<div style=\"height:15px\" aria-hidden=\"true\" class=\"wp-block-spacer\"><\/div>\n\n\n\n<p class=\"has-text-align-center\">Trabajamos incesantemente para poner en contacto a las marcas con los afiliados adecuados, en el momento adecuado y con el contenido adecuado. Valoramos los contenidos de calidad y las relaciones laborales s\u00f3lidas, pero somos conscientes de que ganar dinero es igual de importante. Por ello hacemos uso de tecnolog\u00eda punta en el punto de conversi\u00f3n, tomando acciones en caso necesario y garantizando que tu p\u00fablico se lleve tu producto o servicio a la cesta, con una buena sensaci\u00f3n sobre su elecci\u00f3n.<\/p>\n\n\n\n<p class=\"has-text-align-center\"><strong>\u00bfQuieres m\u00e1s informaci\u00f3n?<\/strong><br>Ll\u00e1manos al&nbsp;<a href=\"tel:+34 91 417 74 55\">+34 91 417 74 55<\/a><br>o env\u00edanos un mail a&nbsp;<a href=\"mailto:sales@webgains.com\">sales@webgains.es<\/a><\/p>\n<\/div>\n\n\n\n<div class=\"wp-container-13 wp-block-column\">\n<figure class=\"wp-block-video aligncenter\"><video controls src=\"https:\/\/www.webgains.com\/public\/wp-content\/uploads\/2017\/09\/Advertiser-French.webm\"><\/video><\/figure>\n\n\n\n<div style=\"height:27px\" aria-hidden=\"true\" class=\"wp-block-spacer\"><\/div>\n\n\n\n<div class=\"wp-container-12 is-content-justification-center is-nowrap wp-block-buttons\">\n<div class=\"wp-block-button aligncenter has-custom-width wp-block-button__width-50\"><a class=\"wp-block-button__link has-background\" href=\"https:\/\/www.webgains.com\/public\/fr\/contact\/\" style=\"border-radius:11px;background-color:#1677ff\">Contacto<\/a><\/div>\n<\/div>\n<\/div>\n<\/div>\n<\/div><\/section>\n\n\n\n<section class=\"wp-block-uagb-section uagb-section__wrap uagb-section__background-color uagb-block-4948153b\"><div class=\"uagb-section__overlay\"><\/div><div class=\"uagb-section__inner-wrap\">\n<div class=\"wp-container-18 wp-block-columns\">\n<div class=\"wp-container-15 wp-block-column\">\n<h2 class=\"has-text-align-center has-text-color\" style=\"color:#1677ff;font-style:normal;font-weight:600\">1,800+<\/h2>\n\n\n\n<h6 class=\"has-text-align-center has-webgainsgrey-color has-text-color\">Anunciantes<\/h6>\n\n\n\n<div style=\"height:19px\" aria-hidden=\"true\" class=\"wp-block-spacer\"><\/div>\n<\/div>\n\n\n\n<div class=\"wp-container-16 wp-block-column\">\n<h2 class=\"has-text-align-center has-text-color\" style=\"color:#1677ff;font-style:normal;font-weight:600\">250,000+<\/h2>\n\n\n\n<h6 class=\"has-text-align-center has-webgainsgrey-color has-text-color\">Afiliados<\/h6>\n\n\n\n<div style=\"height:19px\" aria-hidden=\"true\" class=\"wp-block-spacer\"><\/div>\n<\/div>\n\n\n\n<div class=\"wp-container-17 wp-block-column\">\n<h2 class=\"has-text-align-center has-text-color\" style=\"color:#1677ff;font-style:normal;font-weight:600\">150+<\/h2>\n\n\n\n<h6 class=\"has-text-align-center has-webgainsgrey-color has-text-color\">Paises<br>\u00a1Generamos ventas en todo el mundo!<\/h6>\n\n\n\n<div style=\"height:19px\" aria-hidden=\"true\" class=\"wp-block-spacer\"><\/div>\n<\/div>\n<\/div>\n<\/div><\/section>\n\n\n\n<section class=\"wp-block-uagb-section uagb-section__wrap uagb-section__background-color uagb-block-b9587455\"><div class=\"uagb-section__overlay\"><\/div><div class=\"uagb-section__inner-wrap\">\n<div class=\"wp-container-24 wp-block-columns\">\n<div class=\"wp-container-23 wp-block-column\">\n<h2 class=\"has-text-align-center has-text-color\" style=\"color:#1677ff;font-size:28px;font-style:normal;font-weight:600;text-transform:uppercase;letter-spacing:5px\">\u00bfPor qu\u00e9 Webgains?<\/h2>\n\n\n\n<div style=\"height:32px\" aria-hidden=\"true\" class=\"wp-block-spacer\"><\/div>\n\n\n\n<div class=\"wp-container-22 wp-block-columns\">\n<div class=\"wp-container-19 wp-block-column\">\n<h4 class=\"has-text-align-center has-webgainsgrey-color has-text-color\" style=\"font-style:normal;font-weight:600\">Red global<\/h4>\n\n\n\n<p class=\"has-text-align-center has-webgainsdeepblueblack-color has-text-color has-small-font-size\">Webgains cuenta con un equipo de m\u00e1s de cien empleados en todo el mundo con gran conocimiento de los mercados clave. Tenemos las habilidades para subir las ventas, sin ser tan grande como para perder el toque personal.<\/p>\n\n\n\n<div style=\"height:21px\" aria-hidden=\"true\" class=\"wp-block-spacer\"><\/div>\n<\/div>\n\n\n\n<div class=\"wp-container-20 wp-block-column\">\n<h4 class=\"has-text-align-center has-webgainsgrey-color has-text-color\" style=\"font-style:normal;font-weight:600\">Informaci\u00f3n del mercado<\/h4>\n\n\n\n<p class=\"has-text-align-center has-webgainsdeepblueblack-color has-text-color has-small-font-size\">Nuestra visi\u00f3n del mercado lleva la delantera y nuestra mentalidad din\u00e1mica y colaborativa significa que te aconsejaremos dondequiera que podamos agregar valor. No somos s\u00f3lo un proveedor: piensa en nosotros como parte de tu equipo.<\/p>\n\n\n\n<div style=\"height:21px\" aria-hidden=\"true\" class=\"wp-block-spacer\"><\/div>\n<\/div>\n\n\n\n<div class=\"wp-container-21 wp-block-column\">\n<h4 class=\"has-text-align-center has-webgainsgrey-color has-text-color\" style=\"font-style:normal;font-weight:600\">Gente ambiciosa<\/h4>\n\n\n\n<p class=\"has-text-align-center has-webgainsdeepblueblack-color has-text-color has-small-font-size\">Para lograr los mejores resultados, desarrollamos los mejores talentos. Nuestro equipo se alimenta de historias de \u00e9xito y un hambre constante de conocimiento. Descubre c\u00f3mo unirte a nuestro pack.<\/p>\n\n\n\n<div style=\"height:21px\" aria-hidden=\"true\" class=\"wp-block-spacer\"><\/div>\n<\/div>\n<\/div>\n<\/div>\n<\/div>\n<\/div><\/section>\n\n\n\n<section class=\"wp-block-uagb-section uagb-section__wrap uagb-section__background-color uagb-block-b2265260\"><div class=\"uagb-section__overlay\"><\/div><div class=\"uagb-section__inner-wrap\">\n<h2 class=\"has-text-align-center has-text-color\" style=\"color:#1677ff;font-size:28px;font-style:normal;font-weight:600;text-transform:uppercase;letter-spacing:5px\">Es hora de que te unas al equipo ganador<\/h2>\n\n\n\n<div style=\"height:24px\" aria-hidden=\"true\" class=\"wp-block-spacer\"><\/div>\n\n\n\n<figure class=\"wp-container-26 wp-block-gallery-25 wp-block-gallery has-nested-images columns-4 is-cropped\">\n<figure class=\"wp-block-image size-large\"><img width=\"250\" height=\"120\" src=\"https:\/\/www.webgains.com\/public\/wp-content\/uploads\/2025\/09\/barcelo.png\" alt=\"\" class=\"wp-image-51200\"\/><\/figure>\n\n\n\n<figure class=\"wp-block-image size-large\"><img width=\"250\" height=\"120\" src=\"https:\/\/www.webgains.com\/public\/wp-content\/uploads\/2025\/09\/tropicfeel.png\" alt=\"\" class=\"wp-image-51195\"\/><\/figure>\n\n\n\n<figure class=\"wp-block-image size-large\"><img width=\"250\" height=\"120\" src=\"https:\/\/www.webgains.com\/public\/wp-content\/uploads\/2025\/09\/autodoc.png\" alt=\"\" class=\"wp-image-51199\"\/><\/figure>\n\n\n\n<figure class=\"wp-block-image size-large\"><img width=\"250\" height=\"120\" src=\"https:\/\/www.webgains.com\/public\/wp-content\/uploads\/2025\/09\/prefumes-club.png\" alt=\"\" class=\"wp-image-51208\"\/><\/figure>\n\n\n\n<figure class=\"wp-block-image size-large\"><img width=\"250\" height=\"120\" src=\"https:\/\/www.webgains.com\/public\/wp-content\/uploads\/2025\/09\/xcaret.png\" alt=\"\" class=\"wp-image-51197\"\/><\/figure>\n\n\n\n<figure class=\"wp-block-image size-large\"><img width=\"250\" height=\"120\" src=\"https:\/\/www.webgains.com\/public\/wp-content\/uploads\/2025\/09\/victoria-secret.png\" alt=\"\" class=\"wp-image-51196\"\/><\/figure>\n\n\n\n<figure class=\"wp-block-image size-large\"><img width=\"250\" height=\"120\" src=\"https:\/\/www.webgains.com\/public\/wp-content\/uploads\/2025\/09\/snipes.png\" alt=\"\" class=\"wp-image-51192\"\/><\/figure>\n\n\n\n<figure class=\"wp-block-image size-full\"><img width=\"250\" height=\"120\" src=\"https:\/\/www.webgains.com\/public\/wp-content\/uploads\/2025\/09\/ita-airways-1.png\" alt=\"\" class=\"wp-image-51184\"\/><\/figure>\n<\/figure>\n\n\n\n<div class=\"wp-container-28 wp-block-columns\">\n<div class=\"wp-container-27 wp-block-column\"><\/div>\n<\/div>\n<\/div><\/section>\n\n\n\n<section class=\"wp-block-uagb-section uagb-section__wrap uagb-section__background-color uagb-block-3e42c817\"><div class=\"uagb-section__overlay\"><\/div><div class=\"uagb-section__inner-wrap\">\n<div style=\"height:58px\" aria-hidden=\"true\" class=\"wp-block-spacer\"><\/div>\n\n\n\n<h2 class=\"has-text-align-center has-text-color\" style=\"color:#1677ff;font-size:28px;font-style:normal;font-weight:600;text-transform:uppercase;letter-spacing:5px\">As\u00f3ciate con afiliados que juegan en tu liga<\/h2>\n\n\n\n<div style=\"height:27px\" aria-hidden=\"true\" class=\"wp-block-spacer\"><\/div>\n\n\n\n<div style=\"height:25px\" aria-hidden=\"true\" class=\"wp-block-spacer\"><\/div>\n\n\n\n<figure class=\"wp-container-30 wp-block-gallery-29 wp-block-gallery has-nested-images columns-4 is-cropped\">\n<figure class=\"wp-block-image size-large\"><img width=\"250\" height=\"120\" src=\"https:\/\/www.webgains.com\/public\/wp-content\/uploads\/2025\/09\/cupon-es.png\" alt=\"\" class=\"wp-image-51154\"\/><\/figure>\n\n\n\n<figure class=\"wp-block-image size-large\"><img width=\"250\" height=\"120\" src=\"https:\/\/www.webgains.com\/public\/wp-content\/uploads\/2025\/09\/klarna-2.png\" alt=\"\" class=\"wp-image-51155\"\/><\/figure>\n\n\n\n<figure class=\"wp-block-image size-large\"><img width=\"250\" height=\"120\" src=\"https:\/\/www.webgains.com\/public\/wp-content\/uploads\/2025\/09\/letyshops.png\" alt=\"\" class=\"wp-image-51163\"\/><\/figure>\n\n\n\n<figure class=\"wp-block-image size-large\"><img width=\"250\" height=\"120\" src=\"https:\/\/www.webgains.com\/public\/wp-content\/uploads\/2025\/09\/jvweb.png\" alt=\"\" class=\"wp-image-51137\"\/><\/figure>\n\n\n\n<figure class=\"wp-block-image size-large\"><img width=\"250\" height=\"120\" src=\"https:\/\/www.webgains.com\/public\/wp-content\/uploads\/2025\/09\/runnea.png\" alt=\"\" class=\"wp-image-51159\"\/><\/figure>\n\n\n\n<figure class=\"wp-block-image size-large\"><img width=\"250\" height=\"120\" src=\"https:\/\/www.webgains.com\/public\/wp-content\/uploads\/2025\/09\/iberia.png\" alt=\"\" class=\"wp-image-51133\"\/><\/figure>\n\n\n\n<figure class=\"wp-block-image size-large\"><img width=\"250\" height=\"120\" src=\"https:\/\/www.webgains.com\/public\/wp-content\/uploads\/2025\/09\/rewardoo.png\" alt=\"\" class=\"wp-image-51144\"\/><\/figure>\n\n\n\n<figure class=\"wp-block-image size-large\"><img width=\"250\" height=\"120\" src=\"https:\/\/www.webgains.com\/public\/wp-content\/uploads\/2025\/09\/shoparize.png\" alt=\"\" class=\"wp-image-51147\"\/><\/figure>\n<\/figure>\n<\/div><\/section>\n","protected":false},"excerpt":{"rendered":"<p> [&#8230;]<\/p>\n<p><a class=\"btn btn-secondary understrap-read-more-link\" href=\"https:\/\/www.webgains.com\/public\/es\/anunciantes\/\">Read More&#8230;<\/a><\/p>\n","protected":false},"author":45,"featured_media":0,"parent":0,"menu_order":0,"comment_status":"closed","ping_status":"closed","template":"page-templates\/template-blank-landing-page.php","meta":{"_uag_custom_page_level_css":""},"acf":[],"uagb_featured_image_src":{"full":false,"thumbnail":false,"medium":false,"medium_large":false,"large":false,"xl":false,"xxl":false,"xxxl":false,"xxxxl":false,"xxxxxl":false,"1536x1536":false,"2048x2048":false},"uagb_author_info":{"display_name":"Rob Atkinson","author_link":"https:\/\/www.webgains.com\/public\/author\/ratkinsonwebgains-com\/"},"uagb_comment_info":0,"uagb_excerpt":"[...]Read More...","_links":{"self":[{"href":"https:\/\/www.webgains.com\/public\/wp-json\/wp\/v2\/pages\/47801"}],"collection":[{"href":"https:\/\/www.webgains.com\/public\/wp-json\/wp\/v2\/pages"}],"about":[{"href":"https:\/\/www.webgains.com\/public\/wp-json\/wp\/v2\/types\/page"}],"author":[{"embeddable":true,"href":"https:\/\/www.webgains.com\/public\/wp-json\/wp\/v2\/users\/45"}],"replies":[{"embeddable":true,"href":"https:\/\/www.webgains.com\/public\/wp-json\/wp\/v2\/comments?post=47801"}],"version-history":[{"count":57,"href":"https:\/\/www.webgains.com\/public\/wp-json\/wp\/v2\/pages\/47801\/revisions"}],"predecessor-version":[{"id":53826,"href":"https:\/\/www.webgains.com\/public\/wp-json\/wp\/v2\/pages\/47801\/revisions\/53826"}],"wp:attachment":[{"href":"https:\/\/www.webgains.com\/public\/wp-json\/wp\/v2\/media?parent=47801"}],"curies":[{"name":"wp","href":"https:\/\/api.w.org\/{rel}","templated":true}]}}